{"id":379,"date":"2023-12-06T15:35:55","date_gmt":"2023-12-06T22:35:55","guid":{"rendered":"https:\/\/www.summitcountyoutdoor.com\/?page_id=379"},"modified":"2023-12-06T15:35:55","modified_gmt":"2023-12-06T22:35:55","slug":"porcupines","status":"publish","type":"page","link":"https:\/\/www.summitcountyoutdoor.com\/fr\/wildlife\/porcupines\/","title":{"rendered":"Porc-\u00e9pic"},"content":{"rendered":"<div class=\"wpb-content-wrapper\"><div data-vc-full-width=\"true\" data-vc-full-width-temp=\"true\" data-vc-full-width-init=\"false\" class=\"vc_row wpb_row vc_row-fluid tdlCreamBackground\"><div class=\"wpb_column vc_column_container vc_col-sm-12\"><div class=\"vc_column-inner\"><div class=\"wpb_wrapper\"><div class='headingWrapper single-line  center'><h1>Porc-\u00e9pic<\/h1><\/div>\n\t<div class=\"wpb_text_column wpb_content_element\" >\n\t\t<div class=\"wpb_wrapper\">\n\t\t\t<p>Si vous rencontrez un orignal lors d'une randonn\u00e9e, il est essentiel de rester calme et de prendre des mesures prudentes pour assurer votre s\u00e9curit\u00e9 et le bien-\u00eatre de l'orignal. Gardez une distance respectueuse et \u00e9vitez de faire des mouvements brusques ou des bruits forts qui pourraient effrayer l'animal. Si l'\u00e9lan semble agit\u00e9, pr\u00e9sente un comportement agressif ou commence \u00e0 charger, cr\u00e9ez autant de distance que possible en reculant lentement et prudemment sans lui tourner le dos. Il est conseill\u00e9 de laisser beaucoup d'espace \u00e0 l'\u00e9lan, car il s'agit d'un animal grand et puissant qui peut \u00eatre impr\u00e9visible. Si vous \u00eates en compagnie d'autres personnes, restez group\u00e9s et faites front commun. En outre, soyez attentif \u00e0 ce qui se passe autour de vous et, si possible, choisissez un autre itin\u00e9raire pour \u00e9viter toute confrontation potentielle. Donnez toujours la priorit\u00e9 \u00e0 votre s\u00e9curit\u00e9 et \u00e0 celle des animaux sauvages en adoptant un comportement responsable et attentionn\u00e9 dans leur habitat.<\/p>\n\n\t\t<\/div>\n\t<\/div>\n<\/div><\/div><\/div><\/div><div class=\"vc_row-full-width vc_clearfix\"><\/div>\n<\/div>","protected":false},"excerpt":{"rendered":"Porc-\u00e9pic Si vous rencontrez un orignal lors d'une randonn\u00e9e, il est essentiel de rester calme et de prendre des mesures prudentes pour assurer votre s\u00e9curit\u00e9 et le bien-\u00eatre de l'orignal. Gardez une distance respectueuse et \u00e9vitez de faire des mouvements brusques ou des bruits forts qui pourraient effrayer l'animal. Si l'orignal semble agit\u00e9,...","protected":false},"author":8,"featured_media":365,"parent":24,"menu_order":0,"comment_status":"closed","ping_status":"closed","template":"","meta":{"footnotes":""},"class_list":["post-379","page","type-page","status-publish","has-post-thumbnail","hentry"],"aioseo_notices":[],"_links":{"self":[{"href":"https:\/\/www.summitcountyoutdoor.com\/fr\/wp-json\/wp\/v2\/pages\/379","targetHints":{"allow":["GET"]}}],"collection":[{"href":"https:\/\/www.summitcountyoutdoor.com\/fr\/wp-json\/wp\/v2\/pages"}],"about":[{"href":"https:\/\/www.summitcountyoutdoor.com\/fr\/wp-json\/wp\/v2\/types\/page"}],"author":[{"embeddable":true,"href":"https:\/\/www.summitcountyoutdoor.com\/fr\/wp-json\/wp\/v2\/users\/8"}],"replies":[{"embeddable":true,"href":"https:\/\/www.summitcountyoutdoor.com\/fr\/wp-json\/wp\/v2\/comments?post=379"}],"version-history":[{"count":1,"href":"https:\/\/www.summitcountyoutdoor.com\/fr\/wp-json\/wp\/v2\/pages\/379\/revisions"}],"predecessor-version":[{"id":380,"href":"https:\/\/www.summitcountyoutdoor.com\/fr\/wp-json\/wp\/v2\/pages\/379\/revisions\/380"}],"up":[{"embeddable":true,"href":"https:\/\/www.summitcountyoutdoor.com\/fr\/wp-json\/wp\/v2\/pages\/24"}],"wp:featuredmedia":[{"embeddable":true,"href":"https:\/\/www.summitcountyoutdoor.com\/fr\/wp-json\/wp\/v2\/media\/365"}],"wp:attachment":[{"href":"https:\/\/www.summitcountyoutdoor.com\/fr\/wp-json\/wp\/v2\/media?parent=379"}],"curies":[{"name":"wp","href":"https:\/\/api.w.org\/{rel}","templated":true}]}}