{"id":344,"date":"2023-12-05T08:46:34","date_gmt":"2023-12-05T15:46:34","guid":{"rendered":"https:\/\/www.summitcountyoutdoor.com\/?page_id=344"},"modified":"2023-12-07T09:56:27","modified_gmt":"2023-12-07T16:56:27","slug":"cutthroat-trout","status":"publish","type":"page","link":"https:\/\/www.summitcountyoutdoor.com\/fr\/wildlife\/cutthroat-trout\/","title":{"rendered":"Truite fard\u00e9e"},"content":{"rendered":"<div class=\"wpb-content-wrapper\"><div data-vc-full-width=\"true\" data-vc-full-width-temp=\"true\" data-vc-full-width-init=\"false\" class=\"vc_row wpb_row vc_row-fluid tdlCreamBackground\"><div class=\"wpb_column vc_column_container vc_col-sm-12\"><div class=\"vc_column-inner\"><div class=\"wpb_wrapper\"><div class='headingWrapper single-line  center'><h1>Truite fard\u00e9e<\/h1><\/div>\n\t<div class=\"wpb_text_column wpb_content_element\" >\n\t\t<div class=\"wpb_wrapper\">\n\t\t\t<p>Lorsque vous p\u00eachez la truite fard\u00e9e dans les eaux pittoresques du Colorado, il est essentiel de respecter des pratiques de p\u00eache responsables afin de pr\u00e9server \u00e0 la fois l'int\u00e9grit\u00e9 de l'\u00e9cosyst\u00e8me et le bien-\u00eatre des poissons. Utilisez des hame\u00e7ons sans ardillon et pratiquez la remise \u00e0 l'eau chaque fois que cela est possible afin de maintenir des populations de poissons durables. Respectez les r\u00e9glementations saisonni\u00e8res en mati\u00e8re de p\u00eache et appliquez les principes \"Leave No Trace\" en \u00e9liminant correctement les lignes de p\u00eache et les d\u00e9chets. Pour mieux prot\u00e9ger les habitats de la truite fard\u00e9e, restez sur les sentiers d\u00e9sign\u00e9s et \u00e9vitez de pi\u00e9tiner les zones riveraines sensibles. En adoptant ces bonnes pratiques, les p\u00eacheurs peuvent contribuer \u00e0 la conservation des eaux vierges du Colorado et garantir un environnement prosp\u00e8re \u00e0 la truite fard\u00e9e.<\/p>\n\n\t\t<\/div>\n\t<\/div>\n<\/div><\/div><\/div><\/div><div class=\"vc_row-full-width vc_clearfix\"><\/div>\n<\/div>","protected":false},"excerpt":{"rendered":"Truite fard\u00e9e Lorsque l'on p\u00eache la truite fard\u00e9e dans les eaux pittoresques du Colorado, il est essentiel de respecter des pratiques de p\u00eache responsables afin de pr\u00e9server \u00e0 la fois l'int\u00e9grit\u00e9 de l'\u00e9cosyst\u00e8me et le bien-\u00eatre des poissons. Utilisez des hame\u00e7ons sans ardillon et pratiquez la remise \u00e0 l'eau chaque fois que cela est possible afin de maintenir des populations de poissons durables. Respectez les saisons...","protected":false},"author":8,"featured_media":329,"parent":24,"menu_order":0,"comment_status":"closed","ping_status":"closed","template":"","meta":{"footnotes":""},"class_list":["post-344","page","type-page","status-publish","has-post-thumbnail","hentry"],"aioseo_notices":[],"_links":{"self":[{"href":"https:\/\/www.summitcountyoutdoor.com\/fr\/wp-json\/wp\/v2\/pages\/344","targetHints":{"allow":["GET"]}}],"collection":[{"href":"https:\/\/www.summitcountyoutdoor.com\/fr\/wp-json\/wp\/v2\/pages"}],"about":[{"href":"https:\/\/www.summitcountyoutdoor.com\/fr\/wp-json\/wp\/v2\/types\/page"}],"author":[{"embeddable":true,"href":"https:\/\/www.summitcountyoutdoor.com\/fr\/wp-json\/wp\/v2\/users\/8"}],"replies":[{"embeddable":true,"href":"https:\/\/www.summitcountyoutdoor.com\/fr\/wp-json\/wp\/v2\/comments?post=344"}],"version-history":[{"count":4,"href":"https:\/\/www.summitcountyoutdoor.com\/fr\/wp-json\/wp\/v2\/pages\/344\/revisions"}],"predecessor-version":[{"id":394,"href":"https:\/\/www.summitcountyoutdoor.com\/fr\/wp-json\/wp\/v2\/pages\/344\/revisions\/394"}],"up":[{"embeddable":true,"href":"https:\/\/www.summitcountyoutdoor.com\/fr\/wp-json\/wp\/v2\/pages\/24"}],"wp:featuredmedia":[{"embeddable":true,"href":"https:\/\/www.summitcountyoutdoor.com\/fr\/wp-json\/wp\/v2\/media\/329"}],"wp:attachment":[{"href":"https:\/\/www.summitcountyoutdoor.com\/fr\/wp-json\/wp\/v2\/media?parent=344"}],"curies":[{"name":"wp","href":"https:\/\/api.w.org\/{rel}","templated":true}]}}