{"id":342,"date":"2023-12-05T08:46:19","date_gmt":"2023-12-05T15:46:19","guid":{"rendered":"https:\/\/www.summitcountyoutdoor.com\/?page_id=342"},"modified":"2023-12-07T09:56:15","modified_gmt":"2023-12-07T16:56:15","slug":"birds-of-prey","status":"publish","type":"page","link":"https:\/\/www.summitcountyoutdoor.com\/fr\/wildlife\/birds-of-prey\/","title":{"rendered":"Oiseaux de proie"},"content":{"rendered":"<div class=\"wpb-content-wrapper\"><div data-vc-full-width=\"true\" data-vc-full-width-temp=\"true\" data-vc-full-width-init=\"false\" class=\"vc_row wpb_row vc_row-fluid tdlCreamBackground\"><div class=\"wpb_column vc_column_container vc_col-sm-12\"><div class=\"vc_column-inner\"><div class=\"wpb_wrapper\"><div class='headingWrapper single-line  center'><h1>Oiseaux de proie<\/h1><\/div>\n\t<div class=\"wpb_text_column wpb_content_element\" >\n\t\t<div class=\"wpb_wrapper\">\n\t\t\t<p>Dans les paysages vierges du comt\u00e9 de Summit, au Colorado, on peut observer une vari\u00e9t\u00e9 d'oiseaux de proie impressionnants, notamment la buse \u00e0 queue rousse, l'aigle royal et, \u00e0 l'occasion, le faucon p\u00e8lerin. Pour prot\u00e9ger leurs habitats vitaux, les randonneurs et les amoureux de la nature doivent adopter des pratiques responsables, en restant sur les sentiers d\u00e9sign\u00e9s et en minimisant les perturbations. \u00c9viter l'introduction de plantes non indig\u00e8nes et veiller \u00e0 l'\u00e9limination correcte des d\u00e9chets sont des mesures essentielles pour pr\u00e9server l'\u00e9quilibre d\u00e9licat des \u00e9cosyst\u00e8mes du comt\u00e9 de Summit, sauvegardant ainsi ces magnifiques oiseaux et leurs habitats pour les g\u00e9n\u00e9rations \u00e0 venir.<\/p>\n\n\t\t<\/div>\n\t<\/div>\n<\/div><\/div><\/div><\/div><div class=\"vc_row-full-width vc_clearfix\"><\/div>\n<\/div>","protected":false},"excerpt":{"rendered":"Oiseaux de proie Dans les paysages vierges du comt\u00e9 de Summit, au Colorado, on peut observer une vari\u00e9t\u00e9 d'oiseaux de proie impressionnants, notamment la buse \u00e0 queue rousse, l'aigle royal et, \u00e0 l'occasion, le faucon p\u00e8lerin. Pour prot\u00e9ger leurs habitats vitaux, les randonneurs et les amateurs de nature doivent adopter des pratiques responsables, en restant sur les sentiers...","protected":false},"author":8,"featured_media":355,"parent":24,"menu_order":0,"comment_status":"closed","ping_status":"closed","template":"","meta":{"footnotes":""},"class_list":["post-342","page","type-page","status-publish","has-post-thumbnail","hentry"],"aioseo_notices":[],"_links":{"self":[{"href":"https:\/\/www.summitcountyoutdoor.com\/fr\/wp-json\/wp\/v2\/pages\/342","targetHints":{"allow":["GET"]}}],"collection":[{"href":"https:\/\/www.summitcountyoutdoor.com\/fr\/wp-json\/wp\/v2\/pages"}],"about":[{"href":"https:\/\/www.summitcountyoutdoor.com\/fr\/wp-json\/wp\/v2\/types\/page"}],"author":[{"embeddable":true,"href":"https:\/\/www.summitcountyoutdoor.com\/fr\/wp-json\/wp\/v2\/users\/8"}],"replies":[{"embeddable":true,"href":"https:\/\/www.summitcountyoutdoor.com\/fr\/wp-json\/wp\/v2\/comments?post=342"}],"version-history":[{"count":4,"href":"https:\/\/www.summitcountyoutdoor.com\/fr\/wp-json\/wp\/v2\/pages\/342\/revisions"}],"predecessor-version":[{"id":393,"href":"https:\/\/www.summitcountyoutdoor.com\/fr\/wp-json\/wp\/v2\/pages\/342\/revisions\/393"}],"up":[{"embeddable":true,"href":"https:\/\/www.summitcountyoutdoor.com\/fr\/wp-json\/wp\/v2\/pages\/24"}],"wp:featuredmedia":[{"embeddable":true,"href":"https:\/\/www.summitcountyoutdoor.com\/fr\/wp-json\/wp\/v2\/media\/355"}],"wp:attachment":[{"href":"https:\/\/www.summitcountyoutdoor.com\/fr\/wp-json\/wp\/v2\/media?parent=342"}],"curies":[{"name":"wp","href":"https:\/\/api.w.org\/{rel}","templated":true}]}}