{"id":340,"date":"2023-12-05T08:46:00","date_gmt":"2023-12-05T15:46:00","guid":{"rendered":"https:\/\/www.summitcountyoutdoor.com\/?page_id=340"},"modified":"2023-12-07T09:56:04","modified_gmt":"2023-12-07T16:56:04","slug":"lynx","status":"publish","type":"page","link":"https:\/\/www.summitcountyoutdoor.com\/fr\/wildlife\/lynx\/","title":{"rendered":"Lynx"},"content":{"rendered":"<div class=\"wpb-content-wrapper\"><div data-vc-full-width=\"true\" data-vc-full-width-temp=\"true\" data-vc-full-width-init=\"false\" class=\"vc_row wpb_row vc_row-fluid tdlCreamBackground\"><div class=\"wpb_column vc_column_container vc_col-sm-12\"><div class=\"vc_column-inner\"><div class=\"wpb_wrapper\"><div class='headingWrapper single-line  center'><h1>Lynx<\/h1><\/div>\n\t<div class=\"wpb_text_column wpb_content_element\" >\n\t\t<div class=\"wpb_wrapper\">\n\t\t\t<p>Le lynx du Canada, un chat sauvage captivant et insaisissable originaire du nord de l'Am\u00e9rique du Nord, se distingue par ses oreilles touffues, ses longues pattes et ses pieds distinctifs en forme de raquette, adapt\u00e9s \u00e0 la travers\u00e9e des paysages enneig\u00e9s. Rencontrer un lynx du Canada lors d'une randonn\u00e9e est une exp\u00e9rience rare et particuli\u00e8re. Si vous avez la chance d'en apercevoir un, il est essentiel de maintenir une distance respectueuse et d'observer tranquillement. Les lynx sont g\u00e9n\u00e9ralement timides et pr\u00e9f\u00e8rent \u00e9viter l'interaction humaine. R\u00e9sistez \u00e0 l'envie de les approcher ou de les nourrir, car le maintien de leur comportement naturel est essentiel \u00e0 leur bien-\u00eatre. Profitez de cette rencontre unique \u00e0 distance et consid\u00e9rez-vous comme privil\u00e9gi\u00e9 d'observer cette magnifique cr\u00e9ature dans son habitat naturel.<\/p>\n\n\t\t<\/div>\n\t<\/div>\n<\/div><\/div><\/div><\/div><div class=\"vc_row-full-width vc_clearfix\"><\/div>\n<\/div>","protected":false},"excerpt":{"rendered":"Lynx Le lynx du Canada, un chat sauvage captivant et insaisissable originaire du nord de l'Am\u00e9rique du Nord, se distingue par ses oreilles touffues, ses longues pattes et ses pieds distinctifs en forme de raquette, adapt\u00e9s \u00e0 la travers\u00e9e de paysages enneig\u00e9s. Rencontrer un lynx du Canada lors d'une randonn\u00e9e est une exp\u00e9rience rare et particuli\u00e8re. Si vous avez la chance d'apercevoir...","protected":false},"author":8,"featured_media":328,"parent":24,"menu_order":0,"comment_status":"closed","ping_status":"closed","template":"","meta":{"footnotes":""},"class_list":["post-340","page","type-page","status-publish","has-post-thumbnail","hentry"],"aioseo_notices":[],"_links":{"self":[{"href":"https:\/\/www.summitcountyoutdoor.com\/fr\/wp-json\/wp\/v2\/pages\/340","targetHints":{"allow":["GET"]}}],"collection":[{"href":"https:\/\/www.summitcountyoutdoor.com\/fr\/wp-json\/wp\/v2\/pages"}],"about":[{"href":"https:\/\/www.summitcountyoutdoor.com\/fr\/wp-json\/wp\/v2\/types\/page"}],"author":[{"embeddable":true,"href":"https:\/\/www.summitcountyoutdoor.com\/fr\/wp-json\/wp\/v2\/users\/8"}],"replies":[{"embeddable":true,"href":"https:\/\/www.summitcountyoutdoor.com\/fr\/wp-json\/wp\/v2\/comments?post=340"}],"version-history":[{"count":4,"href":"https:\/\/www.summitcountyoutdoor.com\/fr\/wp-json\/wp\/v2\/pages\/340\/revisions"}],"predecessor-version":[{"id":392,"href":"https:\/\/www.summitcountyoutdoor.com\/fr\/wp-json\/wp\/v2\/pages\/340\/revisions\/392"}],"up":[{"embeddable":true,"href":"https:\/\/www.summitcountyoutdoor.com\/fr\/wp-json\/wp\/v2\/pages\/24"}],"wp:featuredmedia":[{"embeddable":true,"href":"https:\/\/www.summitcountyoutdoor.com\/fr\/wp-json\/wp\/v2\/media\/328"}],"wp:attachment":[{"href":"https:\/\/www.summitcountyoutdoor.com\/fr\/wp-json\/wp\/v2\/media?parent=340"}],"curies":[{"name":"wp","href":"https:\/\/api.w.org\/{rel}","templated":true}]}}