{"id":338,"date":"2023-12-05T08:45:45","date_gmt":"2023-12-05T15:45:45","guid":{"rendered":"https:\/\/www.summitcountyoutdoor.com\/?page_id=338"},"modified":"2023-12-11T13:53:29","modified_gmt":"2023-12-11T20:53:29","slug":"fox","status":"publish","type":"page","link":"https:\/\/www.summitcountyoutdoor.com\/fr\/wildlife\/fox\/","title":{"rendered":"Renard"},"content":{"rendered":"<div class=\"wpb-content-wrapper\"><div data-vc-full-width=\"true\" data-vc-full-width-temp=\"true\" data-vc-full-width-init=\"false\" class=\"vc_row wpb_row vc_row-fluid tdlCreamBackground\"><div class=\"wpb_column vc_column_container vc_col-sm-12\"><div class=\"vc_column-inner\"><div class=\"wpb_wrapper\"><div class='headingWrapper single-line  center'><h1>Renard<\/h1><\/div>\n\t<div class=\"wpb_text_column wpb_content_element\" >\n\t\t<div class=\"wpb_wrapper\">\n\t\t\t<p>Au Colorado, le renard est une esp\u00e8ce captivante et adaptable qui s'\u00e9panouit dans divers paysages, notamment les zones urbaines, les prairies et les for\u00eats. Connus pour leur fourrure d'un brun rouge\u00e2tre frappant, bien que certains individus puissent pr\u00e9senter une coloration grise ou noire, ces canid\u00e9s d\u00e9brouillards arborent souvent une longue queue touffue marqu\u00e9e d'une pointe blanche distinctive. Les renards du Colorado sont r\u00e9put\u00e9s pour leur capacit\u00e9 \u00e0 coexister avec les environnements humains, affichant un niveau de confort qui leur permet de s'installer dans les quartiers suburbains. L'observation de ces cr\u00e9atures agiles et intelligentes dans le contexte des divers \u00e9cosyst\u00e8mes de l'\u00c9tat ajoute une touche de charme sauvage au paysage du Colorado.<\/p>\n\n\t\t<\/div>\n\t<\/div>\n<\/div><\/div><\/div><\/div><div class=\"vc_row-full-width vc_clearfix\"><\/div>\n<\/div>","protected":false},"excerpt":{"rendered":"Renard Au Colorado, le renard est une esp\u00e8ce captivante et adaptable qui prosp\u00e8re dans divers paysages, notamment les zones urbaines, les prairies et les for\u00eats. Connu pour sa fourrure d'un brun rouge\u00e2tre frappant, bien que certains individus puissent pr\u00e9senter une coloration grise ou noire, ce canid\u00e9 plein de ressources arbore souvent une longue queue touffue marqu\u00e9e d'un...","protected":false},"author":8,"featured_media":326,"parent":24,"menu_order":0,"comment_status":"closed","ping_status":"closed","template":"","meta":{"footnotes":""},"class_list":["post-338","page","type-page","status-publish","has-post-thumbnail","hentry"],"aioseo_notices":[],"_links":{"self":[{"href":"https:\/\/www.summitcountyoutdoor.com\/fr\/wp-json\/wp\/v2\/pages\/338","targetHints":{"allow":["GET"]}}],"collection":[{"href":"https:\/\/www.summitcountyoutdoor.com\/fr\/wp-json\/wp\/v2\/pages"}],"about":[{"href":"https:\/\/www.summitcountyoutdoor.com\/fr\/wp-json\/wp\/v2\/types\/page"}],"author":[{"embeddable":true,"href":"https:\/\/www.summitcountyoutdoor.com\/fr\/wp-json\/wp\/v2\/users\/8"}],"replies":[{"embeddable":true,"href":"https:\/\/www.summitcountyoutdoor.com\/fr\/wp-json\/wp\/v2\/comments?post=338"}],"version-history":[{"count":4,"href":"https:\/\/www.summitcountyoutdoor.com\/fr\/wp-json\/wp\/v2\/pages\/338\/revisions"}],"predecessor-version":[{"id":412,"href":"https:\/\/www.summitcountyoutdoor.com\/fr\/wp-json\/wp\/v2\/pages\/338\/revisions\/412"}],"up":[{"embeddable":true,"href":"https:\/\/www.summitcountyoutdoor.com\/fr\/wp-json\/wp\/v2\/pages\/24"}],"wp:featuredmedia":[{"embeddable":true,"href":"https:\/\/www.summitcountyoutdoor.com\/fr\/wp-json\/wp\/v2\/media\/326"}],"wp:attachment":[{"href":"https:\/\/www.summitcountyoutdoor.com\/fr\/wp-json\/wp\/v2\/media?parent=338"}],"curies":[{"name":"wp","href":"https:\/\/api.w.org\/{rel}","templated":true}]}}