{"id":336,"date":"2023-12-05T08:45:34","date_gmt":"2023-12-05T15:45:34","guid":{"rendered":"https:\/\/www.summitcountyoutdoor.com\/?page_id=336"},"modified":"2023-12-07T09:55:52","modified_gmt":"2023-12-07T16:55:52","slug":"bear","status":"publish","type":"page","link":"https:\/\/www.summitcountyoutdoor.com\/fr\/wildlife\/bear\/","title":{"rendered":"Ours"},"content":{"rendered":"<div class=\"wpb-content-wrapper\"><div data-vc-full-width=\"true\" data-vc-full-width-temp=\"true\" data-vc-full-width-init=\"false\" class=\"vc_row wpb_row vc_row-fluid tdlCreamBackground\"><div class=\"wpb_column vc_column_container vc_col-sm-12\"><div class=\"vc_column-inner\"><div class=\"wpb_wrapper\"><div class='headingWrapper single-line  center'><h1>Ours<\/h1><\/div>\n\t<div class=\"wpb_text_column wpb_content_element\" >\n\t\t<div class=\"wpb_wrapper\">\n\t\t\t<p>Au Colorado, la population d'ours, tr\u00e8s diversifi\u00e9e, se compose principalement d'\"ours noirs\", dont les couleurs varient du noir au brun en passant par la cannelle. Ces magnifiques cr\u00e9atures font partie int\u00e9grante de la faune et de la flore de l'\u00c9tat et habitent divers \u00e9cosyst\u00e8mes, notamment les for\u00eats et les r\u00e9gions montagneuses. Pour coexister en toute s\u00e9curit\u00e9 avec les ours au Colorado, il est essentiel que les r\u00e9sidents et les visiteurs adoptent des pratiques responsables en mati\u00e8re de stockage de la nourriture et de gestion des d\u00e9chets dans les zones expos\u00e9es aux ours.<\/p>\n\n\t\t<\/div>\n\t<\/div>\n<\/div><\/div><\/div><\/div><div class=\"vc_row-full-width vc_clearfix\"><\/div>\n<\/div>","protected":false},"excerpt":{"rendered":"Ours Au Colorado, la population diversifi\u00e9e d'ours se compose principalement d'\"ours noirs\", dont les couleurs varient du noir au brun en passant par la cannelle. Ces magnifiques cr\u00e9atures font partie int\u00e9grante de la faune et de la flore de l'\u00c9tat et habitent divers \u00e9cosyst\u00e8mes, notamment les for\u00eats et les r\u00e9gions montagneuses. Pour coexister en toute s\u00e9curit\u00e9 avec les ours au Colorado, il...","protected":false},"author":8,"featured_media":331,"parent":24,"menu_order":0,"comment_status":"closed","ping_status":"closed","template":"","meta":{"footnotes":""},"class_list":["post-336","page","type-page","status-publish","has-post-thumbnail","hentry"],"aioseo_notices":[],"_links":{"self":[{"href":"https:\/\/www.summitcountyoutdoor.com\/fr\/wp-json\/wp\/v2\/pages\/336","targetHints":{"allow":["GET"]}}],"collection":[{"href":"https:\/\/www.summitcountyoutdoor.com\/fr\/wp-json\/wp\/v2\/pages"}],"about":[{"href":"https:\/\/www.summitcountyoutdoor.com\/fr\/wp-json\/wp\/v2\/types\/page"}],"author":[{"embeddable":true,"href":"https:\/\/www.summitcountyoutdoor.com\/fr\/wp-json\/wp\/v2\/users\/8"}],"replies":[{"embeddable":true,"href":"https:\/\/www.summitcountyoutdoor.com\/fr\/wp-json\/wp\/v2\/comments?post=336"}],"version-history":[{"count":6,"href":"https:\/\/www.summitcountyoutdoor.com\/fr\/wp-json\/wp\/v2\/pages\/336\/revisions"}],"predecessor-version":[{"id":391,"href":"https:\/\/www.summitcountyoutdoor.com\/fr\/wp-json\/wp\/v2\/pages\/336\/revisions\/391"}],"up":[{"embeddable":true,"href":"https:\/\/www.summitcountyoutdoor.com\/fr\/wp-json\/wp\/v2\/pages\/24"}],"wp:featuredmedia":[{"embeddable":true,"href":"https:\/\/www.summitcountyoutdoor.com\/fr\/wp-json\/wp\/v2\/media\/331"}],"wp:attachment":[{"href":"https:\/\/www.summitcountyoutdoor.com\/fr\/wp-json\/wp\/v2\/media?parent=336"}],"curies":[{"name":"wp","href":"https:\/\/api.w.org\/{rel}","templated":true}]}}