{"id":26,"date":"2023-09-08T08:41:44","date_gmt":"2023-09-08T14:41:44","guid":{"rendered":"https:\/\/www.summitcountyoutdoor.com\/?page_id=26"},"modified":"2026-02-06T18:07:04","modified_gmt":"2026-02-07T01:07:04","slug":"climate-resiliency","status":"publish","type":"page","link":"https:\/\/www.summitcountyoutdoor.com\/fr\/climate-resiliency\/","title":{"rendered":"R\u00e9silience climatique"},"content":{"rendered":"<div class=\"wpb-content-wrapper\"><div data-vc-full-width=\"true\" data-vc-full-width-temp=\"true\" data-vc-full-width-init=\"false\" class=\"vc_row wpb_row vc_row-fluid tdlCreamBackground\"><div class=\"wpb_column vc_column_container vc_col-sm-12\"><div class=\"vc_column-inner\"><div class=\"wpb_wrapper\"><div class='headingWrapper single-line  center script'><h1>R\u00e9silience climatique<\/h1><\/div><div class=\"vc_row wpb_row vc_inner vc_row-fluid\"><div class=\"wpb_column vc_column_container vc_col-sm-3\"><div class=\"vc_column-inner\"><div class=\"wpb_wrapper\">\n\t<div  class=\"wpb_single_image wpb_content_element vc_align_left wpb_content_element\">\n\t\t\n\t\t<figure class=\"wpb_wrapper vc_figure\">\n\t\t\t<div class=\"vc_single_image-wrapper vc_box_border_circle  vc_box_border_green\"><img decoding=\"async\" class=\"vc_single_image-img\" src=\"https:\/\/www.summitcountyoutdoor.com\/wp-content\/uploads\/2023\/09\/Depositphotos_35882807_XL-scaled-1663x1663.jpg\" width=\"1663\" height=\"1663\" alt=\"wildfire\" title=\"feu de for\u00eat\" \/><\/div>\n\t\t<\/figure>\n\t<\/div>\n<\/div><\/div><\/div><div class=\"wpb_column vc_column_container vc_col-sm-9\"><div class=\"vc_column-inner\"><div class=\"wpb_wrapper\"><div class='headingWrapper single-line'><h4>Que puis-je faire ?<\/h4><\/div>\n\t<div class=\"wpb_text_column wpb_content_element\" >\n\t\t<div class=\"wpb_wrapper\">\n\t\t\t<p>Notre environnement alpin est tr\u00e8s aride et peut conna\u00eetre des p\u00e9riodes de s\u00e9cheresse, ce qui a des r\u00e9percussions sur nos terres naturelles et nos ressources en eau. Les incendies de for\u00eat constituent un risque r\u00e9el dans les hautes terres. Nous vous invitons donc \u00e0 faire preuve de prudence lorsque vous allumez un feu de camp et \u00e0 vous renseigner sur les risques d'incendies de for\u00eat actuels et sur les \u00e9ventuelles restrictions en mati\u00e8re d'incendie dans le comt\u00e9.<\/p>\n\n\t\t<\/div>\n\t<\/div>\n<div class='tdlButtonWrapper right simple'><a class='tdlButton' href='https:\/\/www.summitfire.org\/' target='_blank'>Voir le danger actuel d'incendie de for\u00eat<\/a><\/div><\/div><\/div><\/div><\/div><\/div><\/div><\/div><\/div><div class=\"vc_row-full-width vc_clearfix\"><\/div><div data-vc-full-width=\"true\" data-vc-full-width-temp=\"true\" data-vc-full-width-init=\"false\" class=\"vc_row wpb_row vc_row-fluid tdlTexturedBlueBlock tdlMobileReverse\"><div class=\"wpb_column vc_column_container vc_col-sm-9\"><div class=\"vc_column-inner\"><div class=\"wpb_wrapper\"><div class='headingWrapper single-line'><h4>Que faisons-nous ?<\/h4><\/div>\n\t<div class=\"wpb_text_column wpb_content_element\" >\n\t\t<div class=\"wpb_wrapper\">\n\t\t\t<p>Nos responsables des terres et de l'eau sont \u00e0 la pointe des efforts visant \u00e0 int\u00e9grer des solutions climatiques naturelles dans les politiques de gestion au niveau des comt\u00e9s et des organisations.<\/p>\n<p>Compte tenu de l'\u00e9volution du climat, des organisations telles que l'USFS, qui g\u00e8rent nos terres pour nous, utilisent des sc\u00e9narios actuels et prospectifs pour g\u00e9rer nos activit\u00e9s de loisirs et notre faune afin de r\u00e9duire la pression exerc\u00e9e sur le syst\u00e8me.<\/p>\n<p>La biodiversit\u00e9 est un \u00e9l\u00e9ment cl\u00e9 des efforts d\u00e9ploy\u00e9s dans notre paysage pour faire face au changement climatique, notamment en prenant des mesures d'att\u00e9nuation pour am\u00e9liorer la pr\u00e9paration de notre bassin versant forestier aux incendies de for\u00eat.<\/p>\n<p>De nombreux projets dynamiques sont men\u00e9s dans toute la r\u00e9gion, notamment la remise \u00e0 l'endroit d'une rivi\u00e8re d\u00e9cim\u00e9e \u00e0 l'\u00e9poque de l'exploitation mini\u00e8re par dragage. <a href=\"https:\/\/www.summitcountyco.gov\/1183\/Swan-River-Restoration\" target=\"_blank\" rel=\"noopener\">Pour en savoir plus, cliquez ici.<\/a><\/p>\n<p>Les zones humides sont des merveilles \u00e9cologiques et nous cherchons \u00e0 les rendre plus vivantes pour l'eau, la faune et la capture du carbone. Notre collaboration pr\u00e9voit que le castor, une esp\u00e8ce cl\u00e9, reviendra pour maintenir un \u00e9cosyst\u00e8me sain pour la r\u00e9silience climatique l\u00e0 o\u00f9 c'est \u00e9cologiquement appropri\u00e9.<\/p>\n\n\t\t<\/div>\n\t<\/div>\n<\/div><\/div><\/div><div class=\"wpb_column vc_column_container vc_col-sm-3\"><div class=\"vc_column-inner\"><div class=\"wpb_wrapper\">\n\t<div  class=\"wpb_single_image wpb_content_element vc_align_left wpb_content_element\">\n\t\t\n\t\t<figure class=\"wpb_wrapper vc_figure\">\n\t\t\t<div class=\"vc_single_image-wrapper vc_box_border_circle  vc_box_border_green\"><img decoding=\"async\" class=\"vc_single_image-img\" src=\"https:\/\/www.summitcountyoutdoor.com\/wp-content\/uploads\/2023\/09\/Depositphotos_58452159_XL-scaled-1680x1680.jpg\" width=\"1680\" height=\"1680\" alt=\"\" title=\"\" \/><\/div>\n\t\t<\/figure>\n\t<\/div>\n<\/div><\/div><\/div><\/div><div class=\"vc_row-full-width vc_clearfix\"><\/div><div data-vc-full-width=\"true\" data-vc-full-width-temp=\"true\" data-vc-full-width-init=\"false\" class=\"vc_row wpb_row vc_row-fluid vc_custom_1695395396169 vc_row-has-fill\"><div class=\"wpb_column vc_column_container vc_col-sm-12\"><div class=\"vc_column-inner\"><div class=\"wpb_wrapper\"><div class='quoteWrapper shadow'><h4 class='quote'>Le changement climatique est la plus grande menace pour les droits de l'homme au XXIe si\u00e8cle.<\/h4><span class='author'>Mary Robinson<\/span><\/div><\/div><\/div><\/div><\/div><div class=\"vc_row-full-width vc_clearfix\"><\/div><div data-vc-full-width=\"true\" data-vc-full-width-temp=\"true\" data-vc-full-width-init=\"false\" data-vc-stretch-content=\"true\" class=\"vc_row wpb_row vc_row-fluid tdlNoTopPadding vc_row-no-padding\"><div class=\"wpb_column vc_column_container vc_col-sm-12\"><div class=\"vc_column-inner\"><div class=\"wpb_wrapper\"><div class='tdl-image-carousel swiper' data-autoplay='true'><div class='swiper-wrapper'><div class='tdl-carousel-item swiper-slide'><a class='gallery' href='#' data-featherlight='https:\/\/www.summitcountyoutdoor.com\/wp-content\/uploads\/2023\/09\/a-shelf-of-a-lake.jpg'><img src='https:\/\/www.summitcountyoutdoor.com\/wp-content\/uploads\/2023\/09\/a-shelf-of-a-lake-600x480.jpg'><\/a><\/div><div class='tdl-carousel-item swiper-slide'><a class='gallery' href='#' data-featherlight='https:\/\/www.summitcountyoutdoor.com\/wp-content\/uploads\/2023\/09\/Abbeys-scaled.jpg'><img src='https:\/\/www.summitcountyoutdoor.com\/wp-content\/uploads\/2023\/09\/Abbeys-600x600.jpg'><\/a><\/div><div class='tdl-carousel-item swiper-slide'><a class='gallery' href='#' data-featherlight='https:\/\/www.summitcountyoutdoor.com\/wp-content\/uploads\/2023\/09\/building-for-our-recreation.jpg'><img src='https:\/\/www.summitcountyoutdoor.com\/wp-content\/uploads\/2023\/09\/building-for-our-recreation-600x600.jpg'><\/a><\/div><div class='tdl-carousel-item swiper-slide'><a class='gallery' href='#' data-featherlight='https:\/\/www.summitcountyoutdoor.com\/wp-content\/uploads\/2023\/09\/Dryconditions.jpg'><img src='https:\/\/www.summitcountyoutdoor.com\/wp-content\/uploads\/2023\/09\/Dryconditions-600x600.jpg'><\/a><\/div><div class='tdl-carousel-item swiper-slide'><a class='gallery' href='#' data-featherlight='https:\/\/www.summitcountyoutdoor.com\/wp-content\/uploads\/2023\/09\/Elissa-SlezakDeer-scaled.jpg'><img src='https:\/\/www.summitcountyoutdoor.com\/wp-content\/uploads\/2023\/09\/Elissa-SlezakDeer-600x600.jpg'><\/a><\/div><div class='tdl-carousel-item swiper-slide'><a class='gallery' href='#' data-featherlight='https:\/\/www.summitcountyoutdoor.com\/wp-content\/uploads\/2023\/09\/Jaques-Peak-from-Copper-scaled.jpg'><img src='https:\/\/www.summitcountyoutdoor.com\/wp-content\/uploads\/2023\/09\/Jaques-Peak-from-Copper-600x600.jpg'><\/a><\/div><div class='tdl-carousel-item swiper-slide'><a class='gallery' href='#' data-featherlight='https:\/\/www.summitcountyoutdoor.com\/wp-content\/uploads\/2023\/09\/Nora-Gilbertsonautumn.jpg'><img src='https:\/\/www.summitcountyoutdoor.com\/wp-content\/uploads\/2023\/09\/Nora-Gilbertsonautumn-600x600.jpg'><\/a><\/div><div class='tdl-carousel-item swiper-slide'><a class='gallery' href='#' data-featherlight='https:\/\/www.summitcountyoutdoor.com\/wp-content\/uploads\/2023\/09\/outside-of-camp.jpg'><img src='https:\/\/www.summitcountyoutdoor.com\/wp-content\/uploads\/2023\/09\/outside-of-camp-600x480.jpg'><\/a><\/div><div class='tdl-carousel-item swiper-slide'><a class='gallery' href='#' data-featherlight='https:\/\/www.summitcountyoutdoor.com\/wp-content\/uploads\/2023\/09\/Snowdeer-ESDNR.jpg'><img src='https:\/\/www.summitcountyoutdoor.com\/wp-content\/uploads\/2023\/09\/Snowdeer-ESDNR-600x600.jpg'><\/a><\/div><div class='tdl-carousel-item swiper-slide'><a class='gallery' href='#' data-featherlight='https:\/\/www.summitcountyoutdoor.com\/wp-content\/uploads\/2023\/09\/The-falls-at-Eccles-2014.jpeg'><img src='https:\/\/www.summitcountyoutdoor.com\/wp-content\/uploads\/2023\/09\/The-falls-at-Eccles-2014.jpeg'><\/a><\/div><div class='tdl-carousel-item swiper-slide'><a class='gallery' href='#' data-featherlight='https:\/\/www.summitcountyoutdoor.com\/wp-content\/uploads\/2023\/09\/Upper-Willow.jpg'><img src='https:\/\/www.summitcountyoutdoor.com\/wp-content\/uploads\/2023\/09\/Upper-Willow-600x480.jpg'><\/a><\/div><\/div><\/div><\/div><\/div><\/div><\/div><div class=\"vc_row-full-width vc_clearfix\"><\/div>\n<\/div>","protected":false},"excerpt":{"rendered":"R\u00e9silience climatique Que puis-je faire ? Notre environnement alpin est tr\u00e8s aride et peut conna\u00eetre des p\u00e9riodes de s\u00e9cheresse, ce qui a des r\u00e9percussions sur nos terres naturelles et nos ressources en eau. Les incendies de for\u00eat constituent un risque r\u00e9el dans les hautes terres. Il convient donc d'\u00eatre prudent lors de l'allumage d'un feu de camp et de...","protected":false},"author":1,"featured_media":589,"parent":0,"menu_order":0,"comment_status":"closed","ping_status":"closed","template":"","meta":{"footnotes":""},"class_list":["post-26","page","type-page","status-publish","has-post-thumbnail","hentry"],"aioseo_notices":[],"_links":{"self":[{"href":"https:\/\/www.summitcountyoutdoor.com\/fr\/wp-json\/wp\/v2\/pages\/26","targetHints":{"allow":["GET"]}}],"collection":[{"href":"https:\/\/www.summitcountyoutdoor.com\/fr\/wp-json\/wp\/v2\/pages"}],"about":[{"href":"https:\/\/www.summitcountyoutdoor.com\/fr\/wp-json\/wp\/v2\/types\/page"}],"author":[{"embeddable":true,"href":"https:\/\/www.summitcountyoutdoor.com\/fr\/wp-json\/wp\/v2\/users\/1"}],"replies":[{"embeddable":true,"href":"https:\/\/www.summitcountyoutdoor.com\/fr\/wp-json\/wp\/v2\/comments?post=26"}],"version-history":[{"count":11,"href":"https:\/\/www.summitcountyoutdoor.com\/fr\/wp-json\/wp\/v2\/pages\/26\/revisions"}],"predecessor-version":[{"id":562,"href":"https:\/\/www.summitcountyoutdoor.com\/fr\/wp-json\/wp\/v2\/pages\/26\/revisions\/562"}],"wp:featuredmedia":[{"embeddable":true,"href":"https:\/\/www.summitcountyoutdoor.com\/fr\/wp-json\/wp\/v2\/media\/589"}],"wp:attachment":[{"href":"https:\/\/www.summitcountyoutdoor.com\/fr\/wp-json\/wp\/v2\/media?parent=26"}],"curies":[{"name":"wp","href":"https:\/\/api.w.org\/{rel}","templated":true}]}}