{"id":24,"date":"2023-09-08T08:41:25","date_gmt":"2023-09-08T14:41:25","guid":{"rendered":"https:\/\/www.summitcountyoutdoor.com\/?page_id=24"},"modified":"2026-02-03T15:04:23","modified_gmt":"2026-02-03T22:04:23","slug":"wildlife","status":"publish","type":"page","link":"https:\/\/www.summitcountyoutdoor.com\/fr\/wildlife\/","title":{"rendered":"Faune et flore"},"content":{"rendered":"<div class=\"wpb-content-wrapper\"><div data-vc-full-width=\"true\" data-vc-full-width-temp=\"true\" data-vc-full-width-init=\"false\" class=\"vc_row wpb_row vc_row-fluid tdlCreamBackground\"><div class=\"wpb_column vc_column_container vc_col-sm-12\"><div class=\"vc_column-inner\"><div class=\"wpb_wrapper\"><div class='headingWrapper single-line  center script'><h1>Vie sauvage et loisirs<\/h1><\/div><div class='headingWrapper single-line  center'><h4>Des loisirs responsables pour la faune<\/h4><\/div>\n\t<div class=\"wpb_text_column wpb_content_element\" >\n\t\t<div class=\"wpb_wrapper\">\n\t\t\t<p style=\"text-align: center;\">Il est essentiel de pratiquer des activit\u00e9s r\u00e9cr\u00e9atives responsables dans les zones sauvages du Colorado pour pr\u00e9server la beaut\u00e9 naturelle et les habitats de la r\u00e9gion. Voici quelques conseils \u00e0 suivre pour pratiquer des activit\u00e9s de plein air dans les zones sauvages du Colorado :<\/p>\n\n\t\t<\/div>\n\t<\/div>\n<\/div><\/div><\/div><\/div><div class=\"vc_row-full-width vc_clearfix\"><\/div><div data-vc-full-width=\"true\" data-vc-full-width-temp=\"true\" data-vc-full-width-init=\"false\" class=\"vc_row wpb_row vc_row-fluid tdlCreamBackground vc_custom_1699984704535\"><div class=\"wpb_column vc_column_container vc_col-sm-12\"><div class=\"vc_column-inner\"><div class=\"wpb_wrapper\"><div class='tdlTabbedContentContainer'><div class='navWrapper'><ul id='tabs'><li id='moose'><div class='icon icon-moose'><\/div><span>\u00c9lan<\/span><div class='mobileContentWrapper'><div class='content'>Si vous rencontrez un \u00e9lan lors d'une randonn\u00e9e, il est essentiel de rester calme et de prendre des mesures prudentes pour assurer votre s\u00e9curit\u00e9 et le bien-\u00eatre de l'\u00e9lan.<\/div><img src='https:\/\/www.summitcountyoutdoor.com\/wp-content\/uploads\/2023\/12\/Depositphotos_126739068_XL-800x600.jpg' \/><\/div><\/li><li id='bear'><div class='icon icon-bear'><\/div><span>Ours<\/span><div class='mobileContentWrapper'><div class='content'>Faites preuve de prudence en ce qui concerne la nourriture et les d\u00e9chets dans les zones habit\u00e9es par les ours afin de minimiser les risques de rencontre.<\/div><img src='https:\/\/www.summitcountyoutdoor.com\/wp-content\/uploads\/2023\/12\/Depositphotos_41346587_XL-800x600.jpg' \/><\/div><\/li><li id='fox'><div class='icon icon-fox'><\/div><span>Renard<\/span><div class='mobileContentWrapper'><div class='content'>De taille compacte, il pr\u00e9sente g\u00e9n\u00e9ralement une teinte rouge\u00e2tre, mais certains peuvent \u00eatre gris ou noirs. Sa queue est longue et touffue, avec une extr\u00e9mit\u00e9 blanche caract\u00e9ristique. Il ne craint pas les humains.<\/div><img src='https:\/\/www.summitcountyoutdoor.com\/wp-content\/uploads\/2023\/12\/Depositphotos_56490167_XL-800x600.jpg' \/><\/div><\/li><li id='lynx'><div class='icon icon-linx'><\/div><span>Lynx<\/span><div class='mobileContentWrapper'><div class='content'>Le lynx du Canada est une esp\u00e8ce de chat sauvage remarquable, connue pour ses oreilles touffues, son apparence distinctive et ses grandes pattes semblables \u00e0 des raquettes. Il est inscrit sur la liste des esp\u00e8ces menac\u00e9es dans certaines r\u00e9gions.<\/div><img src='https:\/\/www.summitcountyoutdoor.com\/wp-content\/uploads\/2023\/12\/Depositphotos_84030308_XL-800x600.jpg' \/><\/div><\/li><li id='birdsOfPrey'><div class='icon icon-bird-of-prey'><\/div><span>Oiseaux de proie<\/span><div class='mobileContentWrapper'><div class='content'>Dans le comt\u00e9 de Summit, au Colorado, le ciel est honor\u00e9 par la pr\u00e9sence majestueuse d'oiseaux de proie, tels que la buse \u00e0 queue rousse, l'aigle, le balbuzard p\u00eacheur et, \u00e0 l'occasion, le faucon p\u00e8lerin.<\/div><img src='https:\/\/www.summitcountyoutdoor.com\/wp-content\/uploads\/2023\/12\/Depositphotos_72977857_XL-800x600.jpg' \/><\/div><\/li><li id='cutthroatTrout'><div class='icon icon-trout'><\/div><span>Truite fard\u00e9e<\/span><div class='mobileContentWrapper'><div class='content'>La truite fard\u00e9e, qui se distingue par ses taches d'un rouge \u00e9clatant sur la m\u00e2choire inf\u00e9rieure, prosp\u00e8re dans les cours d'eau de montagne vierges, incarnant la beaut\u00e9 naturelle et la r\u00e9silience des \u00e9cosyst\u00e8mes d'eau douce.<\/div><img src='https:\/\/www.summitcountyoutdoor.com\/wp-content\/uploads\/2023\/12\/Depositphotos_69802023_XL-800x600.jpg' \/><\/div><\/li><\/ul><\/div><div class='contentWrapper'>\n\t<div class='tdlTabbedContentItem' id='moose'>\n\t<div class='image'><a href='https:\/\/www.summitcountyoutdoor.com\/fr\/wildlife\/moose\/' target=''><img src='https:\/\/www.summitcountyoutdoor.com\/wp-content\/uploads\/2023\/12\/Depositphotos_126739068_XL-800x400.jpg' \/><\/a><\/div>\n\t<div class='description'>Si vous rencontrez un \u00e9lan lors d'une randonn\u00e9e, il est essentiel de rester calme et de prendre des mesures prudentes pour assurer votre s\u00e9curit\u00e9 et le bien-\u00eatre de l'\u00e9lan.<\/div>\n\t<a class='learnMore' href='https:\/\/www.summitcountyoutdoor.com\/fr\/wildlife\/moose\/' target=''>En savoir plus<\/a>\n\t<\/div>\n\t<div class='tdlTabbedContentItem' id='bear'>\n\t<div class='image'><a href='https:\/\/www.summitcountyoutdoor.com\/fr\/wildlife\/bear\/' target=''><img src='https:\/\/www.summitcountyoutdoor.com\/wp-content\/uploads\/2023\/12\/Depositphotos_41346587_XL-800x400.jpg' \/><\/a><\/div>\n\t<div class='description'>Faites preuve de prudence en ce qui concerne la nourriture et les d\u00e9chets dans les zones habit\u00e9es par les ours afin de minimiser les risques de rencontre.<\/div>\n\t<a class='learnMore' href='https:\/\/www.summitcountyoutdoor.com\/fr\/wildlife\/bear\/' target=''>En savoir plus<\/a>\n\t<\/div>\n\t<div class='tdlTabbedContentItem' id='fox'>\n\t<div class='image'><a href='https:\/\/www.summitcountyoutdoor.com\/fr\/wildlife\/fox\/' target=''><img src='https:\/\/www.summitcountyoutdoor.com\/wp-content\/uploads\/2023\/12\/Depositphotos_56490167_XL-800x400.jpg' \/><\/a><\/div>\n\t<div class='description'>De taille compacte, il pr\u00e9sente g\u00e9n\u00e9ralement une teinte rouge\u00e2tre, mais certains peuvent \u00eatre gris ou noirs. Sa queue est longue et touffue, avec une extr\u00e9mit\u00e9 blanche caract\u00e9ristique. Il ne craint pas les humains.<\/div>\n\t<a class='learnMore' href='https:\/\/www.summitcountyoutdoor.com\/fr\/wildlife\/fox\/' target=''>En savoir plus<\/a>\n\t<\/div>\n\t<div class='tdlTabbedContentItem' id='lynx'>\n\t<div class='image'><a href='https:\/\/www.summitcountyoutdoor.com\/fr\/wildlife\/lynx\/' target=''><img src='https:\/\/www.summitcountyoutdoor.com\/wp-content\/uploads\/2023\/12\/Depositphotos_84030308_XL-800x400.jpg' \/><\/a><\/div>\n\t<div class='description'>Le lynx du Canada est une esp\u00e8ce de chat sauvage remarquable, connue pour ses oreilles touffues, son apparence distinctive et ses grandes pattes semblables \u00e0 des raquettes. Il est inscrit sur la liste des esp\u00e8ces menac\u00e9es dans certaines r\u00e9gions.<\/div>\n\t<a class='learnMore' href='https:\/\/www.summitcountyoutdoor.com\/fr\/wildlife\/lynx\/' target=''>En savoir plus<\/a>\n\t<\/div>\n\t<div class='tdlTabbedContentItem' id='birdsOfPrey'>\n\t<div class='image'><a href='https:\/\/www.summitcountyoutdoor.com\/fr\/wildlife\/birds-of-prey\/' target=''><img src='https:\/\/www.summitcountyoutdoor.com\/wp-content\/uploads\/2023\/12\/Depositphotos_72977857_XL-800x400.jpg' \/><\/a><\/div>\n\t<div class='description'>Dans le comt\u00e9 de Summit, au Colorado, le ciel est honor\u00e9 par la pr\u00e9sence majestueuse d'oiseaux de proie, tels que la buse \u00e0 queue rousse, l'aigle, le balbuzard p\u00eacheur et, \u00e0 l'occasion, le faucon p\u00e8lerin.<\/div>\n\t<a class='learnMore' href='https:\/\/www.summitcountyoutdoor.com\/fr\/wildlife\/birds-of-prey\/' target=''>En savoir plus<\/a>\n\t<\/div>\n\t<div class='tdlTabbedContentItem' id='cutthroatTrout'>\n\t<div class='image'><a href='https:\/\/www.summitcountyoutdoor.com\/fr\/wildlife\/cutthroat-trout\/' target=''><img src='https:\/\/www.summitcountyoutdoor.com\/wp-content\/uploads\/2023\/12\/Depositphotos_69802023_XL-800x400.jpg' \/><\/a><\/div>\n\t<div class='description'>La truite fard\u00e9e, qui se distingue par ses taches d'un rouge \u00e9clatant sur la m\u00e2choire inf\u00e9rieure, prosp\u00e8re dans les cours d'eau de montagne vierges, incarnant la beaut\u00e9 naturelle et la r\u00e9silience des \u00e9cosyst\u00e8mes d'eau douce.<\/div>\n\t<a class='learnMore' href='https:\/\/www.summitcountyoutdoor.com\/fr\/wildlife\/cutthroat-trout\/' target=''>En savoir plus<\/a>\n\t<\/div><\/div><\/div><\/div><\/div><\/div><\/div><div class=\"vc_row-full-width vc_clearfix\"><\/div><div data-vc-full-width=\"true\" data-vc-full-width-temp=\"true\" data-vc-full-width-init=\"false\" class=\"vc_row wpb_row vc_row-fluid tdlCreamBackground\"><div class=\"wpb_column vc_column_container vc_col-sm-12\"><div class=\"vc_column-inner\"><div class=\"wpb_wrapper\">\n\t<div class=\"wpb_video_widget wpb_content_element vc_clearfix   vc_video-aspect-ratio-169 vc_video-el-width-100 vc_video-align-left\" >\n\t\t<div class=\"wpb_wrapper\">\n\t\t\t\n\t\t\t<div class=\"wpb_video_wrapper\"><iframe loading=\"lazy\" title=\"The Vibe : Summit County Outdoor Coalition - Vie sauvage\" width=\"500\" height=\"281\" src=\"https:\/\/www.youtube.com\/embed\/p-U336sGb5Q?feature=oembed\" frameborder=\"0\" allow=\"accelerometer; autoplay; clipboard-write; encrypted-media; gyroscope; picture-in-picture; web-share\" referrerpolicy=\"strict-origin-when-cross-origin\" allowfullscreen><\/iframe><\/div>\n\t\t<\/div>\n\t<\/div>\n<\/div><\/div><\/div><\/div><div class=\"vc_row-full-width vc_clearfix\"><\/div><div data-vc-full-width=\"true\" data-vc-full-width-temp=\"true\" data-vc-full-width-init=\"false\" class=\"vc_row wpb_row vc_row-fluid vc_custom_1695395520808 vc_row-has-fill\"><div class=\"wpb_column vc_column_container vc_col-sm-12\"><div class=\"vc_column-inner\"><div class=\"wpb_wrapper\"><div class='quoteWrapper shadow'><h4 class='quote'>La plan\u00e8te Terre ne nous appartient pas, nous en faisons partie. Nous devons la partager avec notre faune et notre flore.<\/h4><span class='author'>Steve Irwin<\/span><\/div><\/div><\/div><\/div><\/div><div class=\"vc_row-full-width vc_clearfix\"><\/div><div data-vc-full-width=\"true\" data-vc-full-width-temp=\"true\" data-vc-full-width-init=\"false\" data-vc-stretch-content=\"true\" class=\"vc_row wpb_row vc_row-fluid tdlNoTopPadding vc_row-no-padding\"><div class=\"wpb_column vc_column_container vc_col-sm-12\"><div class=\"vc_column-inner\"><div class=\"wpb_wrapper\"><div class='tdl-image-carousel swiper' data-autoplay='true'><div class='swiper-wrapper'><div class='tdl-carousel-item swiper-slide'><a class='gallery' href='#' data-featherlight='https:\/\/www.summitcountyoutdoor.com\/wp-content\/uploads\/2023\/09\/a-shelf-of-a-lake.jpg'><img src='https:\/\/www.summitcountyoutdoor.com\/wp-content\/uploads\/2023\/09\/a-shelf-of-a-lake-600x480.jpg'><\/a><\/div><div class='tdl-carousel-item swiper-slide'><a class='gallery' href='#' data-featherlight='https:\/\/www.summitcountyoutdoor.com\/wp-content\/uploads\/2023\/09\/Abbeys-scaled.jpg'><img src='https:\/\/www.summitcountyoutdoor.com\/wp-content\/uploads\/2023\/09\/Abbeys-600x600.jpg'><\/a><\/div><div class='tdl-carousel-item swiper-slide'><a class='gallery' href='#' data-featherlight='https:\/\/www.summitcountyoutdoor.com\/wp-content\/uploads\/2023\/09\/building-for-our-recreation.jpg'><img src='https:\/\/www.summitcountyoutdoor.com\/wp-content\/uploads\/2023\/09\/building-for-our-recreation-600x600.jpg'><\/a><\/div><div class='tdl-carousel-item swiper-slide'><a class='gallery' href='#' data-featherlight='https:\/\/www.summitcountyoutdoor.com\/wp-content\/uploads\/2023\/09\/Dryconditions.jpg'><img src='https:\/\/www.summitcountyoutdoor.com\/wp-content\/uploads\/2023\/09\/Dryconditions-600x600.jpg'><\/a><\/div><div class='tdl-carousel-item swiper-slide'><a class='gallery' href='#' data-featherlight='https:\/\/www.summitcountyoutdoor.com\/wp-content\/uploads\/2023\/09\/Elissa-SlezakDeer-scaled.jpg'><img src='https:\/\/www.summitcountyoutdoor.com\/wp-content\/uploads\/2023\/09\/Elissa-SlezakDeer-600x600.jpg'><\/a><\/div><div class='tdl-carousel-item swiper-slide'><a class='gallery' href='#' data-featherlight='https:\/\/www.summitcountyoutdoor.com\/wp-content\/uploads\/2023\/09\/Jaques-Peak-from-Copper-scaled.jpg'><img src='https:\/\/www.summitcountyoutdoor.com\/wp-content\/uploads\/2023\/09\/Jaques-Peak-from-Copper-600x600.jpg'><\/a><\/div><div class='tdl-carousel-item swiper-slide'><a class='gallery' href='#' data-featherlight='https:\/\/www.summitcountyoutdoor.com\/wp-content\/uploads\/2023\/09\/Nora-Gilbertsonautumn.jpg'><img src='https:\/\/www.summitcountyoutdoor.com\/wp-content\/uploads\/2023\/09\/Nora-Gilbertsonautumn-600x600.jpg'><\/a><\/div><div class='tdl-carousel-item swiper-slide'><a class='gallery' href='#' data-featherlight='https:\/\/www.summitcountyoutdoor.com\/wp-content\/uploads\/2023\/09\/outside-of-camp.jpg'><img src='https:\/\/www.summitcountyoutdoor.com\/wp-content\/uploads\/2023\/09\/outside-of-camp-600x480.jpg'><\/a><\/div><div class='tdl-carousel-item swiper-slide'><a class='gallery' href='#' data-featherlight='https:\/\/www.summitcountyoutdoor.com\/wp-content\/uploads\/2023\/09\/Snowdeer-ESDNR.jpg'><img src='https:\/\/www.summitcountyoutdoor.com\/wp-content\/uploads\/2023\/09\/Snowdeer-ESDNR-600x600.jpg'><\/a><\/div><div class='tdl-carousel-item swiper-slide'><a class='gallery' href='#' data-featherlight='https:\/\/www.summitcountyoutdoor.com\/wp-content\/uploads\/2023\/09\/The-falls-at-Eccles-2014.jpeg'><img src='https:\/\/www.summitcountyoutdoor.com\/wp-content\/uploads\/2023\/09\/The-falls-at-Eccles-2014.jpeg'><\/a><\/div><div class='tdl-carousel-item swiper-slide'><a class='gallery' href='#' data-featherlight='https:\/\/www.summitcountyoutdoor.com\/wp-content\/uploads\/2023\/09\/Upper-Willow.jpg'><img src='https:\/\/www.summitcountyoutdoor.com\/wp-content\/uploads\/2023\/09\/Upper-Willow-600x480.jpg'><\/a><\/div><\/div><\/div><\/div><\/div><\/div><\/div><div class=\"vc_row-full-width vc_clearfix\"><\/div>\n<\/div>","protected":false},"excerpt":{"rendered":"Faune et loisirsLes loisirs responsables pour la faune et la flore Il est essentiel de pratiquer des loisirs responsables dans les zones de faune et de flore du Colorado pour pr\u00e9server la beaut\u00e9 naturelle et les habitats de la r\u00e9gion. Voici quelques conseils \u00e0 suivre lorsque vous pratiquez des activit\u00e9s de plein air dans les zones sauvages du Colorado : OrignalSi vous rencontrez un \u00e9lan lors d'une randonn\u00e9e, il est essentiel de rester calme et...","protected":false},"author":1,"featured_media":429,"parent":0,"menu_order":0,"comment_status":"closed","ping_status":"closed","template":"","meta":{"footnotes":""},"class_list":["post-24","page","type-page","status-publish","has-post-thumbnail","hentry"],"aioseo_notices":[],"_links":{"self":[{"href":"https:\/\/www.summitcountyoutdoor.com\/fr\/wp-json\/wp\/v2\/pages\/24","targetHints":{"allow":["GET"]}}],"collection":[{"href":"https:\/\/www.summitcountyoutdoor.com\/fr\/wp-json\/wp\/v2\/pages"}],"about":[{"href":"https:\/\/www.summitcountyoutdoor.com\/fr\/wp-json\/wp\/v2\/types\/page"}],"author":[{"embeddable":true,"href":"https:\/\/www.summitcountyoutdoor.com\/fr\/wp-json\/wp\/v2\/users\/1"}],"replies":[{"embeddable":true,"href":"https:\/\/www.summitcountyoutdoor.com\/fr\/wp-json\/wp\/v2\/comments?post=24"}],"version-history":[{"count":11,"href":"https:\/\/www.summitcountyoutdoor.com\/fr\/wp-json\/wp\/v2\/pages\/24\/revisions"}],"predecessor-version":[{"id":564,"href":"https:\/\/www.summitcountyoutdoor.com\/fr\/wp-json\/wp\/v2\/pages\/24\/revisions\/564"}],"wp:featuredmedia":[{"embeddable":true,"href":"https:\/\/www.summitcountyoutdoor.com\/fr\/wp-json\/wp\/v2\/media\/429"}],"wp:attachment":[{"href":"https:\/\/www.summitcountyoutdoor.com\/fr\/wp-json\/wp\/v2\/media?parent=24"}],"curies":[{"name":"wp","href":"https:\/\/api.w.org\/{rel}","templated":true}]}}