{"id":22,"date":"2023-09-08T08:41:09","date_gmt":"2023-09-08T14:41:09","guid":{"rendered":"https:\/\/www.summitcountyoutdoor.com\/?page_id=22"},"modified":"2026-02-06T18:02:31","modified_gmt":"2026-02-07T01:02:31","slug":"recreate","status":"publish","type":"page","link":"https:\/\/www.summitcountyoutdoor.com\/fr\/recreate\/","title":{"rendered":"Recr\u00e9er"},"content":{"rendered":"<div class=\"wpb-content-wrapper\"><div data-vc-full-width=\"true\" data-vc-full-width-temp=\"true\" data-vc-full-width-init=\"false\" class=\"vc_row wpb_row vc_row-fluid tdlCreamBackground\"><div class=\"wpb_column vc_column_container vc_col-sm-12\"><div class=\"vc_column-inner\"><div class=\"wpb_wrapper\"><div class='headingWrapper single-line  center script'><h1>Recr\u00e9er<\/h1><\/div><div class=\"vc_row wpb_row vc_inner vc_row-fluid\"><div class=\"wpb_column vc_column_container vc_col-sm-3\"><div class=\"vc_column-inner\"><div class=\"wpb_wrapper\">\n\t<div  class=\"wpb_single_image wpb_content_element vc_align_left wpb_content_element\">\n\t\t\n\t\t<figure class=\"wpb_wrapper vc_figure\">\n\t\t\t<div class=\"vc_single_image-wrapper vc_box_border_circle  vc_box_border_green\"><img decoding=\"async\" class=\"vc_single_image-img\" src=\"https:\/\/www.summitcountyoutdoor.com\/wp-content\/uploads\/2023\/09\/Depositphotos_22923862_XL-scaled-1707x1707.jpg\" width=\"1707\" height=\"1707\" alt=\"hiking - hikers looking at map. Couple or friends navigating together smiling happy during camping travel hike outdoors in forest. Young mixed race Asian \/ Caucasian woman and Caucasian man.\" title=\"Randonn\u00e9e - randonneurs regardant la carte\" \/><\/div>\n\t\t<\/figure>\n\t<\/div>\n<\/div><\/div><\/div><div class=\"wpb_column vc_column_container vc_col-sm-9\"><div class=\"vc_column-inner\"><div class=\"wpb_wrapper\"><div class='headingWrapper single-line'><h4>Des cartes de sentiers pour vous aider \u00e0 planifier vos activit\u00e9s.<\/h4><\/div>\n\t<div class=\"wpb_text_column wpb_content_element\" >\n\t\t<div class=\"wpb_wrapper\">\n\t\t\t<p>Notre comt\u00e9 dispose d'un r\u00e9seau de sentiers \u00e9tonnamment bien reli\u00e9, qui permet de pratiquer tous les types de loisirs, avec plus de 400 miles de sentiers \u00e0 usage multiple. Respectez les autres visiteurs et consultez la signalisation pour conna\u00eetre les modes de loisirs autoris\u00e9s. L'\u00e9normit\u00e9 du r\u00e9seau de sentiers peut \u00eatre d\u00e9courageante, alors prenez le temps d'explorer l'une des cartes des sentiers de nos responsables communautaires avec leur description. <\/p>\n\n\t\t<\/div>\n\t<\/div>\n<div class='tdlButtonWrapper right simple'><a class='tdlButton' href='https:\/\/trails.colorado.gov\/map\/@39.641146,-106.108002,9.00z#activity=hiking' target='_blank'>CPW's Interactive Trail Map<\/a><\/div><div class=\"vc_empty_space\"   style=\"height: 35px\"><span class=\"vc_empty_space_inner\"><\/span><\/div>\n\t<div class=\"wpb_video_widget wpb_content_element vc_clearfix   vc_video-aspect-ratio-169 vc_video-el-width-100 vc_video-align-left\" >\n\t\t<div class=\"wpb_wrapper\">\n\t\t\t\n\t\t\t<div class=\"wpb_video_wrapper\"><iframe loading=\"lazy\" title=\"The Vibe : Summit County Outdoor Coalition - Pr\u00e9paration \u00e0 l&#039;hiver\" width=\"500\" height=\"281\" src=\"https:\/\/www.youtube.com\/embed\/A_QSV7q9BD4?feature=oembed\" frameborder=\"0\" allow=\"accelerometer; autoplay; clipboard-write; encrypted-media; gyroscope; picture-in-picture; web-share\" referrerpolicy=\"strict-origin-when-cross-origin\" allowfullscreen><\/iframe><\/div>\n\t\t<\/div>\n\t<\/div>\n<\/div><\/div><\/div><\/div><\/div><\/div><\/div><\/div><div class=\"vc_row-full-width vc_clearfix\"><\/div><div data-vc-full-width=\"true\" data-vc-full-width-temp=\"true\" data-vc-full-width-init=\"false\" class=\"vc_row wpb_row vc_row-fluid tdlTexturedBlueBlock tdlMobileReverse\"><div class=\"wpb_column vc_column_container vc_col-sm-9\"><div class=\"vc_column-inner\"><div class=\"wpb_wrapper\"><div class='headingWrapper single-line'><h4>Se rendre sur nos sentiers<\/h4><\/div>\n\t<div class=\"wpb_text_column wpb_content_element\" >\n\t\t<div class=\"wpb_wrapper\">\n\t\t\t<p>Acc\u00e9dez \u00e0 vos sentiers pr\u00e9f\u00e9r\u00e9s de mani\u00e8re durable. Les nombreuses commodit\u00e9s du comt\u00e9 de Summit, y compris une grande partie de notre syst\u00e8me de loisirs de haute qualit\u00e9, sont accessibles gr\u00e2ce \u00e0 notre syst\u00e8me de bus gratuit. Consultez notre programme Transit to Trails et laissez votre voiture derri\u00e8re vous. Vous serez heureux de l'avoir fait car la plupart de nos points de d\u00e9part de sentiers sont pleins \u00e0 craquer et trouver une place est une aventure que vous ne voudrez pas vivre.<\/p>\n\n\t\t<\/div>\n\t<\/div>\n<div class='tdlButtonWrapper simple'><a class='tdlButton' href='https:\/\/www.summitcountyco.gov\/1604\/Transit-to-Trails' target='_blank'>Learn More About Transit to Trails<\/a><\/div><div class=\"vc_empty_space\"   style=\"height: 35px\"><span class=\"vc_empty_space_inner\"><\/span><\/div>\n\t<div class=\"wpb_video_widget wpb_content_element vc_clearfix   vc_video-aspect-ratio-169 vc_video-el-width-100 vc_video-align-left\" >\n\t\t<div class=\"wpb_wrapper\">\n\t\t\t\n\t\t\t<div class=\"wpb_video_wrapper\"><iframe loading=\"lazy\" title=\"The Vibe : Coalition des activit\u00e9s de plein air du comt\u00e9 de Summit\" width=\"500\" height=\"281\" src=\"https:\/\/www.youtube.com\/embed\/YZmxgj20DDw?feature=oembed\" frameborder=\"0\" allow=\"accelerometer; autoplay; clipboard-write; encrypted-media; gyroscope; picture-in-picture; web-share\" allowfullscreen><\/iframe><\/div>\n\t\t<\/div>\n\t<\/div>\n<\/div><\/div><\/div><div class=\"wpb_column vc_column_container vc_col-sm-3\"><div class=\"vc_column-inner\"><div class=\"wpb_wrapper\">\n\t<div  class=\"wpb_single_image wpb_content_element vc_align_left wpb_content_element\">\n\t\t\n\t\t<figure class=\"wpb_wrapper vc_figure\">\n\t\t\t<div class=\"vc_single_image-wrapper vc_box_border_circle  vc_box_border_green\"><img decoding=\"async\" class=\"vc_single_image-img\" src=\"https:\/\/www.summitcountyoutdoor.com\/wp-content\/uploads\/2023\/09\/Depositphotos_251531812_XL-scaled-1707x1707.jpg\" width=\"1707\" height=\"1707\" alt=\"Young couple packing camping equipment into car trunk outdoors\" title=\"Jeune couple rangeant du mat\u00e9riel de camping dans le coffre d&#039;une voiture en plein air\" \/><\/div>\n\t\t<\/figure>\n\t<\/div>\n<\/div><\/div><\/div><\/div><div class=\"vc_row-full-width vc_clearfix\"><\/div><div data-vc-full-width=\"true\" data-vc-full-width-temp=\"true\" data-vc-full-width-init=\"false\" class=\"vc_row wpb_row vc_row-fluid tdlCreamBackground\"><div class=\"wpb_column vc_column_container vc_col-sm-3\"><div class=\"vc_column-inner\"><div class=\"wpb_wrapper\">\n\t<div  class=\"wpb_single_image wpb_content_element vc_align_left wpb_content_element\">\n\t\t\n\t\t<figure class=\"wpb_wrapper vc_figure\">\n\t\t\t<div class=\"vc_single_image-wrapper vc_box_border_circle  vc_box_border_green\"><img decoding=\"async\" class=\"vc_single_image-img\" src=\"https:\/\/www.summitcountyoutdoor.com\/wp-content\/uploads\/2023\/09\/Depositphotos_418565192_XL-scaled-1280x1280.jpg\" width=\"1280\" height=\"1280\" alt=\"\" title=\"\" \/><\/div>\n\t\t<\/figure>\n\t<\/div>\n<\/div><\/div><\/div><div class=\"wpb_column vc_column_container vc_col-sm-9\"><div class=\"vc_column-inner\"><div class=\"wpb_wrapper\"><div class='headingWrapper single-line'><h4>Ne pas laisser de traces<\/h4><\/div>\n\t<div class=\"wpb_text_column wpb_content_element\" >\n\t\t<div class=\"wpb_wrapper\">\n\t\t\t<p>Laissez le moins de traces possible lors de vos activit\u00e9s de loisirs sur les terres publiques et aux alentours, car vous \u00eates l'une des millions de personnes attir\u00e9es par cette r\u00e9gion. Un peu d'attention peut contribuer grandement \u00e0 la pr\u00e9servation de nos terres et de nos cours d'eau, ainsi que de notre faune et de notre flore bien-aim\u00e9es. Retirez ce que vous avez apport\u00e9. Cliquez sur le lien ci-dessous pour en savoir plus sur la fa\u00e7on de prendre soin de nos terres. <\/p>\n\n\t\t<\/div>\n\t<\/div>\n<div class='tdlButtonWrapper right simple'><a class='tdlButton' href='https:\/\/lnt.org\/why\/7-principles' target='_blank'>Learn More About LNT<\/a><\/div><\/div><\/div><\/div><\/div><div class=\"vc_row-full-width vc_clearfix\"><\/div><div data-vc-full-width=\"true\" data-vc-full-width-temp=\"true\" data-vc-full-width-init=\"false\" class=\"vc_row wpb_row vc_row-fluid tdlTexturedBlueBlock tdlMobileReverse\"><div class=\"wpb_column vc_column_container vc_col-sm-9\"><div class=\"vc_column-inner\"><div class=\"wpb_wrapper\"><div class='headingWrapper single-line'><h4>Se r\u00e9cr\u00e9er avec la faune<\/h4><\/div>\n\t<div class=\"wpb_text_column wpb_content_element\" >\n\t\t<div class=\"wpb_wrapper\">\n\t\t\t<p>Il est imp\u00e9ratif de pratiquer des activit\u00e9s r\u00e9cr\u00e9atives responsables dans les zones fauniques du Colorado pour pr\u00e9server la beaut\u00e9 naturelle et les habitats de la r\u00e9gion. Afin de sauvegarder nos pr\u00e9cieuses ressources naturelles et de promouvoir des interactions non perturbatrices entre l'homme et la faune, il est essentiel d'adh\u00e9rer \u00e0 un ensemble de lignes directrices. Si vous rencontrez des animaux sauvages, maintenez une distance de s\u00e9curit\u00e9 et abstenez-vous de les nourrir. Maintenez une pr\u00e9sence discr\u00e8te et minimisez le bruit afin d'\u00e9viter tout stress excessif pour les animaux. Dans la mesure du possible, optez pour des heures creuses lorsque vous visitez des zones populaires afin de r\u00e9duire les encombrements et d'att\u00e9nuer l'impact sur les sentiers et les installations. En cas de p\u00eache, les p\u00eacheurs doivent pratiquer la remise \u00e0 l'eau des prises et respecter les r\u00e8glements de p\u00eache afin de pr\u00e9server les populations de poissons. Dans la mesure du possible, choisissez des produits biod\u00e9gradables et respectueux de l'environnement afin de r\u00e9duire l'impact \u00e9cologique des produits chimiques. Ces simples lignes directrices contribueront \u00e0 garantir que notre faune et notre flore restent intactes pour le plaisir de tous.<\/p>\n\n\t\t<\/div>\n\t<\/div>\n<div class='tdlButtonWrapper simple'><a class='tdlButton' href='https:\/\/www.summitcountyoutdoor.com\/fr\/wildlife\/' target='_blank'>Learn More About Our Local Wildlife<\/a><\/div><\/div><\/div><\/div><div class=\"wpb_column vc_column_container vc_col-sm-3\"><div class=\"vc_column-inner\"><div class=\"wpb_wrapper\">\n\t<div  class=\"wpb_single_image wpb_content_element vc_align_left wpb_content_element\">\n\t\t\n\t\t<figure class=\"wpb_wrapper vc_figure\">\n\t\t\t<div class=\"vc_single_image-wrapper vc_box_border_circle  vc_box_border_green\"><img decoding=\"async\" class=\"vc_single_image-img\" src=\"https:\/\/www.summitcountyoutdoor.com\/wp-content\/uploads\/2023\/09\/Depositphotos_97616390_XL-scaled-1707x1707.jpg\" width=\"1707\" height=\"1707\" alt=\"\" title=\"\" \/><\/div>\n\t\t<\/figure>\n\t<\/div>\n<\/div><\/div><\/div><\/div><div class=\"vc_row-full-width vc_clearfix\"><\/div><div data-vc-full-width=\"true\" data-vc-full-width-temp=\"true\" data-vc-full-width-init=\"false\" class=\"vc_row wpb_row vc_row-fluid tdlCreamBackground\"><div class=\"wpb_column vc_column_container vc_col-sm-3\"><div class=\"vc_column-inner\"><div class=\"wpb_wrapper\">\n\t<div  class=\"wpb_single_image wpb_content_element vc_align_left wpb_content_element\">\n\t\t\n\t\t<figure class=\"wpb_wrapper vc_figure\">\n\t\t\t<div class=\"vc_single_image-wrapper vc_box_border_circle  vc_box_border_green\"><img decoding=\"async\" class=\"vc_single_image-img\" src=\"https:\/\/www.summitcountyoutdoor.com\/wp-content\/uploads\/2023\/09\/Depositphotos_490461984_XL-scaled-1280x1280.jpg\" width=\"1280\" height=\"1280\" alt=\"\" title=\"\" \/><\/div>\n\t\t<\/figure>\n\t<\/div>\n<\/div><\/div><\/div><div class=\"wpb_column vc_column_container vc_col-sm-9\"><div class=\"vc_column-inner\"><div class=\"wpb_wrapper\"><div class='headingWrapper single-line'><h4>R\u00e8gles et r\u00e8glements concernant les zones de nature sauvage<\/h4><\/div>\n\t<div class=\"wpb_text_column wpb_content_element\" >\n\t\t<div class=\"wpb_wrapper\">\n\t\t\t<p>La nature sauvage est une d\u00e9signation sp\u00e9ciale cr\u00e9\u00e9e par le Wilderness Act de 1964. Certaines des for\u00eats qui vous entourent portent ce titre, comme la zone sauvage de Ptarmigan et la zone sauvage de Eagles Nest. Ce sont des zones sp\u00e9ciales qui m\u00e9ritent d'\u00eatre connues, car il s'agit aussi de terres publiques qu'il faut respecter.<\/p>\n<p>D\u00e9couvrez les caract\u00e9ristiques particuli\u00e8res et les r\u00e9glementations qui contribuent \u00e0 pr\u00e9server les zones de nature vierge.<\/p>\n\n\t\t<\/div>\n\t<\/div>\n<div class='tdlButtonWrapper simple'><a class='tdlButton' href='https:\/\/www.fs.usda.gov\/r02\/whiteriver' target='_blank'>Wilderness Rules &amp; Regulations<\/a><\/div><\/div><\/div><\/div><\/div><div class=\"vc_row-full-width vc_clearfix\"><\/div><div data-vc-full-width=\"true\" data-vc-full-width-temp=\"true\" data-vc-full-width-init=\"false\" class=\"vc_row wpb_row vc_row-fluid tdlTexturedBlueBlock vc_custom_1705602131607\"><div class=\"wpb_column vc_column_container vc_col-sm-12\"><div class=\"vc_column-inner\"><div class=\"wpb_wrapper\">\n\t<div class=\"wpb_video_widget wpb_content_element vc_clearfix   vc_video-aspect-ratio-169 vc_video-el-width-100 vc_video-align-left\" >\n\t\t<div class=\"wpb_wrapper\">\n\t\t\t\n\t\t\t<div class=\"wpb_video_wrapper\"><iframe loading=\"lazy\" title=\"The Vibe : Coalition des activit\u00e9s de plein air du comt\u00e9 de Summit\" width=\"500\" height=\"281\" src=\"https:\/\/www.youtube.com\/embed\/YZmxgj20DDw?feature=oembed\" frameborder=\"0\" allow=\"accelerometer; autoplay; clipboard-write; encrypted-media; gyroscope; picture-in-picture; web-share\" allowfullscreen><\/iframe><\/div>\n\t\t<\/div>\n\t<\/div>\n<\/div><\/div><\/div><\/div><div class=\"vc_row-full-width vc_clearfix\"><\/div><div data-vc-full-width=\"true\" data-vc-full-width-temp=\"true\" data-vc-full-width-init=\"false\" class=\"vc_row wpb_row vc_row-fluid vc_custom_1695395428988 vc_row-has-fill\"><div class=\"wpb_column vc_column_container vc_col-sm-12\"><div class=\"vc_column-inner\"><div class=\"wpb_wrapper\"><div class='quoteWrapper shadow'><h4 class='quote'>\"Recr\u00e9er avec soin et notre terre sera l\u00e0 pour les g\u00e9n\u00e9rations \u00e0 venir.<\/h4><span class='author'>SCOC<\/span><\/div><\/div><\/div><\/div><\/div><div class=\"vc_row-full-width vc_clearfix\"><\/div><div data-vc-full-width=\"true\" data-vc-full-width-temp=\"true\" data-vc-full-width-init=\"false\" data-vc-stretch-content=\"true\" class=\"vc_row wpb_row vc_row-fluid tdlNoTopPadding vc_row-no-padding\"><div class=\"wpb_column vc_column_container vc_col-sm-12\"><div class=\"vc_column-inner\"><div class=\"wpb_wrapper\"><div class='tdl-image-carousel swiper' data-autoplay='true'><div class='swiper-wrapper'><div class='tdl-carousel-item swiper-slide'><a class='gallery' href='#' data-featherlight='https:\/\/www.summitcountyoutdoor.com\/wp-content\/uploads\/2023\/09\/a-shelf-of-a-lake.jpg'><img src='https:\/\/www.summitcountyoutdoor.com\/wp-content\/uploads\/2023\/09\/a-shelf-of-a-lake-600x480.jpg'><\/a><\/div><div class='tdl-carousel-item swiper-slide'><a class='gallery' href='#' data-featherlight='https:\/\/www.summitcountyoutdoor.com\/wp-content\/uploads\/2023\/09\/Abbeys-scaled.jpg'><img src='https:\/\/www.summitcountyoutdoor.com\/wp-content\/uploads\/2023\/09\/Abbeys-600x600.jpg'><\/a><\/div><div class='tdl-carousel-item swiper-slide'><a class='gallery' href='#' data-featherlight='https:\/\/www.summitcountyoutdoor.com\/wp-content\/uploads\/2023\/09\/building-for-our-recreation.jpg'><img src='https:\/\/www.summitcountyoutdoor.com\/wp-content\/uploads\/2023\/09\/building-for-our-recreation-600x600.jpg'><\/a><\/div><div class='tdl-carousel-item swiper-slide'><a class='gallery' href='#' data-featherlight='https:\/\/www.summitcountyoutdoor.com\/wp-content\/uploads\/2023\/09\/Dryconditions.jpg'><img src='https:\/\/www.summitcountyoutdoor.com\/wp-content\/uploads\/2023\/09\/Dryconditions-600x600.jpg'><\/a><\/div><div class='tdl-carousel-item swiper-slide'><a class='gallery' href='#' data-featherlight='https:\/\/www.summitcountyoutdoor.com\/wp-content\/uploads\/2023\/09\/Elissa-SlezakDeer-scaled.jpg'><img src='https:\/\/www.summitcountyoutdoor.com\/wp-content\/uploads\/2023\/09\/Elissa-SlezakDeer-600x600.jpg'><\/a><\/div><div class='tdl-carousel-item swiper-slide'><a class='gallery' href='#' data-featherlight='https:\/\/www.summitcountyoutdoor.com\/wp-content\/uploads\/2023\/09\/Jaques-Peak-from-Copper-scaled.jpg'><img src='https:\/\/www.summitcountyoutdoor.com\/wp-content\/uploads\/2023\/09\/Jaques-Peak-from-Copper-600x600.jpg'><\/a><\/div><div class='tdl-carousel-item swiper-slide'><a class='gallery' href='#' data-featherlight='https:\/\/www.summitcountyoutdoor.com\/wp-content\/uploads\/2023\/09\/Nora-Gilbertsonautumn.jpg'><img src='https:\/\/www.summitcountyoutdoor.com\/wp-content\/uploads\/2023\/09\/Nora-Gilbertsonautumn-600x600.jpg'><\/a><\/div><div class='tdl-carousel-item swiper-slide'><a class='gallery' href='#' data-featherlight='https:\/\/www.summitcountyoutdoor.com\/wp-content\/uploads\/2023\/09\/outside-of-camp.jpg'><img src='https:\/\/www.summitcountyoutdoor.com\/wp-content\/uploads\/2023\/09\/outside-of-camp-600x480.jpg'><\/a><\/div><div class='tdl-carousel-item swiper-slide'><a class='gallery' href='#' data-featherlight='https:\/\/www.summitcountyoutdoor.com\/wp-content\/uploads\/2023\/09\/Snowdeer-ESDNR.jpg'><img src='https:\/\/www.summitcountyoutdoor.com\/wp-content\/uploads\/2023\/09\/Snowdeer-ESDNR-600x600.jpg'><\/a><\/div><div class='tdl-carousel-item swiper-slide'><a class='gallery' href='#' data-featherlight='https:\/\/www.summitcountyoutdoor.com\/wp-content\/uploads\/2023\/09\/The-falls-at-Eccles-2014.jpeg'><img src='https:\/\/www.summitcountyoutdoor.com\/wp-content\/uploads\/2023\/09\/The-falls-at-Eccles-2014.jpeg'><\/a><\/div><div class='tdl-carousel-item swiper-slide'><a class='gallery' href='#' data-featherlight='https:\/\/www.summitcountyoutdoor.com\/wp-content\/uploads\/2023\/09\/Upper-Willow.jpg'><img src='https:\/\/www.summitcountyoutdoor.com\/wp-content\/uploads\/2023\/09\/Upper-Willow-600x480.jpg'><\/a><\/div><\/div><\/div><\/div><\/div><\/div><\/div><div class=\"vc_row-full-width vc_clearfix\"><\/div>\n<\/div>","protected":false},"excerpt":{"rendered":"Recr\u00e9er les ressources cartographiques des sentiers pour votre planification. Notre comt\u00e9 dispose d'un r\u00e9seau de sentiers \u00e9tonnamment bien reli\u00e9, qui permet de pratiquer tous les types de loisirs, avec plus de 400 miles de sentiers \u00e0 usage multiple. Respectez les autres visiteurs et consultez la signalisation pour conna\u00eetre les modes de loisirs autoris\u00e9s. Il peut \u00eatre d\u00e9courageant de...","protected":false},"author":1,"featured_media":222,"parent":0,"menu_order":0,"comment_status":"closed","ping_status":"closed","template":"","meta":{"footnotes":""},"class_list":["post-22","page","type-page","status-publish","has-post-thumbnail","hentry"],"aioseo_notices":[],"_links":{"self":[{"href":"https:\/\/www.summitcountyoutdoor.com\/fr\/wp-json\/wp\/v2\/pages\/22","targetHints":{"allow":["GET"]}}],"collection":[{"href":"https:\/\/www.summitcountyoutdoor.com\/fr\/wp-json\/wp\/v2\/pages"}],"about":[{"href":"https:\/\/www.summitcountyoutdoor.com\/fr\/wp-json\/wp\/v2\/types\/page"}],"author":[{"embeddable":true,"href":"https:\/\/www.summitcountyoutdoor.com\/fr\/wp-json\/wp\/v2\/users\/1"}],"replies":[{"embeddable":true,"href":"https:\/\/www.summitcountyoutdoor.com\/fr\/wp-json\/wp\/v2\/comments?post=22"}],"version-history":[{"count":12,"href":"https:\/\/www.summitcountyoutdoor.com\/fr\/wp-json\/wp\/v2\/pages\/22\/revisions"}],"predecessor-version":[{"id":588,"href":"https:\/\/www.summitcountyoutdoor.com\/fr\/wp-json\/wp\/v2\/pages\/22\/revisions\/588"}],"wp:featuredmedia":[{"embeddable":true,"href":"https:\/\/www.summitcountyoutdoor.com\/fr\/wp-json\/wp\/v2\/media\/222"}],"wp:attachment":[{"href":"https:\/\/www.summitcountyoutdoor.com\/fr\/wp-json\/wp\/v2\/media?parent=22"}],"curies":[{"name":"wp","href":"https:\/\/api.w.org\/{rel}","templated":true}]}}