{"id":14,"date":"2023-08-31T14:44:08","date_gmt":"2023-08-31T14:44:08","guid":{"rendered":"https:\/\/www.summitcountyoutdoor.com\/?page_id=14"},"modified":"2026-03-30T14:17:45","modified_gmt":"2026-03-30T20:17:45","slug":"home","status":"publish","type":"page","link":"https:\/\/www.summitcountyoutdoor.com\/fr\/","title":{"rendered":"Accueil"},"content":{"rendered":"<div class=\"wpb-content-wrapper\"><div data-vc-full-width=\"true\" data-vc-full-width-temp=\"true\" data-vc-full-width-init=\"false\" class=\"vc_row wpb_row vc_row-fluid tdlCreamBackground tdlNoMarginBottom\"><div class=\"wpb_column vc_column_container vc_col-sm-12\"><div class=\"vc_column-inner\"><div class=\"wpb_wrapper\"><div class=\"vc_row wpb_row vc_inner vc_row-fluid\"><div class=\"wpb_column vc_column_container vc_col-sm-4\"><div class=\"vc_column-inner\"><div class=\"wpb_wrapper\"><div class='tdl-icon-button-wrapper'><div class='tdl-icon-button accordion green'><div class='overlay'><\/div><div class='icon-wrapper'><div class='icon icon-hiker'><\/div><\/div><div class='tdl-button-content'><h3>Recr\u00e9er<\/h3><div class='tdl-button-hidden-content'><div class='text'>Notre magnifique comt\u00e9 dispose de nombreuses infrastructures de loisirs dans chacune de nos villes d'accueil, qui vous permettent d'acc\u00e9der \u00e0 de superbes for\u00eats situ\u00e9es pour la plupart sur des terrains publics et de les traverser.<\/div><a href='https:\/\/www.summitcountyoutdoor.com\/fr\/recreate\/' target='' class='learnMore'>En savoir plus<\/a><\/div><\/div><\/div><div class='tdl-hs-button-wrapper'><div class='tdl-hs-button green'><span><\/span><\/div><\/div><\/div><\/div><\/div><\/div><div class=\"wpb_column vc_column_container vc_col-sm-4\"><div class=\"vc_column-inner\"><div class=\"wpb_wrapper\"><div class='tdl-icon-button-wrapper'><div class='tdl-icon-button accordion olive'><div class='overlay'><\/div><div class='icon-wrapper'><div class='icon icon-deer'><\/div><\/div><div class='tdl-button-content'><h3>Faune et flore<\/h3><div class='tdl-button-hidden-content'><div class='text'>La faune qui habite ce magnifique bassin versant forestier est essentielle \u00e0 notre monde naturel et contribue \u00e0 notre \u00e9conomie. Le SCOC s'efforce d'atteindre un \u00e9quilibre harmonieux avec la faune et la flore et avec ses h\u00f4tes.<\/div><a href='https:\/\/www.summitcountyoutdoor.com\/fr\/wildlife\/' target='' class='learnMore'>En savoir plus<\/a><\/div><\/div><\/div><div class='tdl-hs-button-wrapper'><div class='tdl-hs-button olive'><span><\/span><\/div><\/div><\/div><\/div><\/div><\/div><div class=\"wpb_column vc_column_container vc_col-sm-4\"><div class=\"vc_column-inner\"><div class=\"wpb_wrapper\"><div class='tdl-icon-button-wrapper'><div class='tdl-icon-button accordion blue'><div class='overlay'><\/div><div class='icon-wrapper'><div class='icon icon-trees'><\/div><\/div><div class='tdl-button-content'><h3>Climat<\/h3><div class='tdl-button-hidden-content'><div class='text'>La gestion de vos terres publiques face \u00e0 un climat changeant. Notre communaut\u00e9 a fait de cette r\u00e9alit\u00e9 un \u00e9l\u00e9ment central de sa r\u00e9silience.<\/div><a href='https:\/\/www.summitcountyoutdoor.com\/fr\/climate-resiliency\/' target='' class='learnMore'>En savoir plus<\/a><\/div><\/div><\/div><div class='tdl-hs-button-wrapper'><div class='tdl-hs-button blue'><span><\/span><\/div><\/div><\/div><\/div><\/div><\/div><\/div><\/div><\/div><\/div><\/div><div class=\"vc_row-full-width vc_clearfix\"><\/div><div data-vc-full-width=\"true\" data-vc-full-width-temp=\"true\" data-vc-full-width-init=\"false\" data-vc-stretch-content=\"true\" class=\"vc_row wpb_row vc_row-fluid tdlAllowOverflow vc_custom_1702049463337 vc_row-has-fill vc_row-no-padding\"><div class=\"wpb_column vc_column_container vc_col-sm-12\"><div class=\"vc_column-inner\"><div class=\"wpb_wrapper\"><div class='headingWrapper single-line  center noBottomMargin'><h3>Carte interactive du comt\u00e9 de Summit, CO<\/h3><\/div><div class=\"vc_row wpb_row vc_inner vc_row-fluid tdlNoMarginTop\"><div class=\"wpb_column vc_column_container vc_col-sm-12\"><div class=\"vc_column-inner\"><div class=\"wpb_wrapper\">\n    <div class='tdl-interactive-form'>\n        <span>Je commence \u00e0...<\/span>\n        <div class='tdl-custom-select'>\n        <select name='location' id='location'>\n            <option value=''>S\u00e9lectionner un lieu<\/option>\n            <option value='breckenridge'>Breckenridge<\/option>\n            <option value='frisco'>Frisco<\/option>\n            <option value='keystone'>Keystone<\/option>\n            <option value='silverthorne'>Silverthorne<\/option>\n        <\/select>\n        <\/div>\n        <span class='disabled'>Je veux<\/span>\n        <div class='activities' id='breckenridge'>\n            <a class='activity' id='biking' href='https:\/\/trails.colorado.gov\/places\/na~1927269#activity=bike' target='_blank'><div class='icon icon-biking'><\/div><\/a>\n            <a class='activity' id='hiking' href='https:\/\/trails.colorado.gov\/places\/na~1927269#activity=hiking' target='_blank'><div class='icon icon-hiker'><\/div><\/a>\n            <a class='activity' id='ski' href='https:\/\/trails.colorado.gov\/places\/na~1927269#activity=ski' target='_blank'><div class='icon icon-skiing'><\/div><\/a>\n            <a class='activity' id='snowshoeing' href='https:\/\/trails.colorado.gov\/places\/na~1927269#activity=snowshoe' target='_blank'><div class='icon icon-snow-shoes'><\/div><\/a>\n            \n        <\/div>\n        <div class='activities' id='frisco'>\n            <a class='activity' id='biking' href='https:\/\/trails.colorado.gov\/places\/na~1927232#activity=bike' target='_blank'><div class='icon icon-biking'><\/div><\/a>\n            <a class='activity' id='hiking' href='https:\/\/trails.colorado.gov\/places\/na~1927232#activity=hiking' target='_blank'><div class='icon icon-hiker'><\/div><\/a>\n            <a class='activity' id='ski' href='https:\/\/trails.colorado.gov\/places\/na~1927232#activity=ski' target='_blank'><div class='icon icon-skiing'><\/div><\/a>\n            <a class='activity' id='snowshoeing' href='https:\/\/trails.colorado.gov\/places\/na~1927232#activity=snowshoe' target='_blank'><div class='icon icon-snow-shoes'><\/div><\/a>\n            \n        <\/div>\n        <div class='activities' id='keystone'>\n            <a class='activity' id='biking' href='https:\/\/trails.colorado.gov\/places\/na~1927584#activity=bike' target='_blank'><div class='icon icon-biking'><\/div><\/a>\n            <a class='activity' id='hiking' href='https:\/\/trails.colorado.gov\/places\/na~1927584#activity=hiking' target='_blank'><div class='icon icon-hiker'><\/div><\/a>\n            <a class='activity' id='ski' href='https:\/\/trails.colorado.gov\/places\/na~1927584#activity=ski' target='_blank'><div class='icon icon-skiing'><\/div><\/a>\n            <a class='activity' id='snowshoeing' href='https:\/\/trails.colorado.gov\/places\/na~1927584#activity=snowshoe' target='_blank'><div class='icon icon-snow-shoes'><\/div><\/a>\n            \n        <\/div>\n        <div class='activities' id='silverthorne'>\n            <a class='activity' id='biking' href='https:\/\/trails.colorado.gov\/places\/na~1927387#activity=bike' target='_blank'><div class='icon icon-biking'><\/div><\/a>\n            <a class='activity' id='hiking' href='https:\/\/trails.colorado.gov\/places\/na~1927387#activity=hiking' target='_blank'><div class='icon icon-hiker'><\/div><\/a>\n            <a class='activity' id='ski' href='https:\/\/trails.colorado.gov\/places\/na~1927387#activity=ski' target='_blank'><div class='icon icon-skiing'><\/div><\/a>\n            <a class='activity' id='snowshoeing' href='https:\/\/trails.colorado.gov\/places\/na~1927387#activity=snowshoe' target='_blank'><div class='icon icon-snow-shoes'><\/div><\/a>\n            \n        <\/div>\n    <\/div>\n    <\/div><\/div><\/div><\/div><\/div><\/div><\/div><\/div><div class=\"vc_row-full-width vc_clearfix\"><\/div><div data-vc-full-width=\"true\" data-vc-full-width-temp=\"true\" data-vc-full-width-init=\"false\" class=\"vc_row wpb_row vc_row-fluid vc_custom_1704324602546 vc_row-has-fill\"><div class=\"wpb_column vc_column_container vc_col-sm-12\"><div class=\"vc_column-inner\"><div class=\"wpb_wrapper\"><div class='quoteWrapper shadow'><h4 class='quote'>C\u00e9l\u00e9brez, profitez et aidez-nous \u00e0 prendre soin de vos terres publiques.<\/h4><span class='author'>SCOC<\/span><\/div><\/div><\/div><\/div><\/div><div class=\"vc_row-full-width vc_clearfix\"><\/div><div data-vc-full-width=\"true\" data-vc-full-width-temp=\"true\" data-vc-full-width-init=\"false\" class=\"vc_row wpb_row vc_row-fluid tdlTexturedBlueBlock\"><div class=\"wpb_column vc_column_container vc_col-sm-12\"><div class=\"vc_column-inner\"><div class=\"wpb_wrapper\"><div class='headingWrapper single-line  center blue'><h2>\u00c0 propos de nous<\/h2><\/div><div class=\"vc_row wpb_row vc_inner vc_row-fluid\"><div class=\"wpb_column vc_column_container vc_col-sm-6\"><div class=\"vc_column-inner\"><div class=\"wpb_wrapper\"><div class='tdl-icon-button-wrapper'><div class='tdl-icon-button title-block blue'><div class='overlay'><\/div><div class='icon-wrapper'><div class='icon icon-binoculars'><\/div><\/div><div class='tdl-button-content'><h3>Notre vision<\/h3><div class='text'>Une r\u00e9gion avec une collaboration \u00e9quitable et inclusive pour des solutions \u00e9volutives dans les domaines de la conservation, du climat et des loisirs de plein air.<\/div><a href='https:\/\/www.summitcountyoutdoor.com\/fr\/about-us\/' target='' class='learnMore'>En savoir plus<\/a><\/div><\/div><\/div><\/div><\/div><\/div><div class=\"wpb_column vc_column_container vc_col-sm-6\"><div class=\"vc_column-inner\"><div class=\"wpb_wrapper\"><div class='tdl-icon-button-wrapper'><div class='tdl-icon-button title-block blue'><div class='overlay'><\/div><div class='icon-wrapper'><div class='icon icon-location'><\/div><\/div><div class='tdl-button-content'><h3>Notre mission<\/h3><div class='text'>Le SCOC s'efforce de favoriser un acc\u00e8s \u00e9quitable aux loisirs de plein air et de servir de p\u00f4le d'engagement et de collaboration pour la planification de projets paysagers en faveur de la conservation de la faune, de l'eau et du climat.<\/div><a href='https:\/\/www.summitcountyoutdoor.com\/fr\/about-us\/' target='' class='learnMore'>En savoir plus<\/a><\/div><\/div><\/div><\/div><\/div><\/div><\/div><\/div><\/div><\/div><\/div><div class=\"vc_row-full-width vc_clearfix\"><\/div><div data-vc-full-width=\"true\" data-vc-full-width-temp=\"true\" data-vc-full-width-init=\"false\" data-vc-stretch-content=\"true\" class=\"vc_row wpb_row vc_row-fluid tdlAllowOverflow vc_row-no-padding\"><div class=\"wpb_column vc_column_container vc_col-sm-12\"><div class=\"vc_column-inner\"><div class=\"wpb_wrapper\"><div class='headingWrapper single-line  center icon blue'><div class='iconWrapper'><div class='icon icon-compas'><\/div><\/div><h2>Nos dirigeants communautaires<\/h2><\/div><\/div><\/div><\/div><\/div><div class=\"vc_row-full-width vc_clearfix\"><\/div><div class=\"vc_row wpb_row vc_row-fluid\"><div class=\"wpb_column vc_column_container vc_col-sm-12\"><div class=\"vc_column-inner\"><div class=\"wpb_wrapper\"><div class='tdl-partners'><div class='tdl-partner-item'><a href='https:\/\/www.folbr.org\/' target='_blank'><img src='https:\/\/www.summitcountyoutdoor.com\/wp-content\/uploads\/2023\/09\/FOLBR-logo-color.png'><\/a><\/div><div class='tdl-partner-item'><a href='https:\/\/www.summitcountyco.gov\/' target='_blank'><img src='https:\/\/www.summitcountyoutdoor.com\/wp-content\/uploads\/2023\/09\/Summit-County-CO.png'><\/a><\/div><div class='tdl-partner-item'><a href='https:\/\/www.townoffrisco.com\/' target='_blank'><img src='https:\/\/www.summitcountyoutdoor.com\/wp-content\/uploads\/2023\/09\/Town-Of-Frisco.png'><\/a><\/div><div class='tdl-partner-item'><a href='https:\/\/www.townofbreckenridge.com\/' target='_blank'><img src='https:\/\/www.summitcountyoutdoor.com\/wp-content\/uploads\/2023\/09\/Town-of-breck.jpg'><\/a><\/div><div class='tdl-partner-item'><a href='https:\/\/www.silverthorne.org\/' target='_blank'><img src='https:\/\/www.summitcountyoutdoor.com\/wp-content\/uploads\/2023\/09\/Silverthorne-logo-3968709688.jpg'><\/a><\/div><div class='tdl-partner-item'><a href='https:\/\/www.fs.usda.gov\/r02\/whiteriver\/offices\/dillon-ranger-district' target='_blank'><img src='https:\/\/www.summitcountyoutdoor.com\/wp-content\/uploads\/2023\/09\/USFS.svg_.png'><\/a><\/div><div class='tdl-partner-item'><a href='https:\/\/cpw.state.co.us\/' target='_blank'><img src='https:\/\/www.summitcountyoutdoor.com\/wp-content\/uploads\/2023\/09\/CO-Parks-wildlife.jpg'><\/a><\/div><div class='tdl-partner-item'><a href='https:\/\/www.blueriverwatershed.org\/' target='_blank'><img src='https:\/\/www.summitcountyoutdoor.com\/wp-content\/uploads\/2023\/09\/logo-transparent.png'><\/a><\/div><\/div><\/div><\/div><\/div><\/div><div data-vc-full-width=\"true\" data-vc-full-width-temp=\"true\" data-vc-full-width-init=\"false\" data-vc-stretch-content=\"true\" class=\"vc_row wpb_row vc_row-fluid vc_row-no-padding\"><div class=\"wpb_column vc_column_container vc_col-sm-12\"><div class=\"vc_column-inner\"><div class=\"wpb_wrapper\"><div class='tdl-image-carousel swiper' data-autoplay='true'><div class='swiper-wrapper'><div class='tdl-carousel-item swiper-slide'><a class='gallery' href='#' data-featherlight='https:\/\/www.summitcountyoutdoor.com\/wp-content\/uploads\/2023\/09\/a-shelf-of-a-lake.jpg'><img src='https:\/\/www.summitcountyoutdoor.com\/wp-content\/uploads\/2023\/09\/a-shelf-of-a-lake-600x480.jpg'><\/a><\/div><div class='tdl-carousel-item swiper-slide'><a class='gallery' href='#' data-featherlight='https:\/\/www.summitcountyoutdoor.com\/wp-content\/uploads\/2023\/09\/Abbeys-scaled.jpg'><img src='https:\/\/www.summitcountyoutdoor.com\/wp-content\/uploads\/2023\/09\/Abbeys-600x600.jpg'><\/a><\/div><div class='tdl-carousel-item swiper-slide'><a class='gallery' href='#' data-featherlight='https:\/\/www.summitcountyoutdoor.com\/wp-content\/uploads\/2023\/09\/building-for-our-recreation.jpg'><img src='https:\/\/www.summitcountyoutdoor.com\/wp-content\/uploads\/2023\/09\/building-for-our-recreation-600x600.jpg'><\/a><\/div><div class='tdl-carousel-item swiper-slide'><a class='gallery' href='#' data-featherlight='https:\/\/www.summitcountyoutdoor.com\/wp-content\/uploads\/2023\/09\/Dryconditions.jpg'><img src='https:\/\/www.summitcountyoutdoor.com\/wp-content\/uploads\/2023\/09\/Dryconditions-600x600.jpg'><\/a><\/div><div class='tdl-carousel-item swiper-slide'><a class='gallery' href='#' data-featherlight='https:\/\/www.summitcountyoutdoor.com\/wp-content\/uploads\/2023\/09\/Elissa-SlezakDeer-scaled.jpg'><img src='https:\/\/www.summitcountyoutdoor.com\/wp-content\/uploads\/2023\/09\/Elissa-SlezakDeer-600x600.jpg'><\/a><\/div><div class='tdl-carousel-item swiper-slide'><a class='gallery' href='#' data-featherlight='https:\/\/www.summitcountyoutdoor.com\/wp-content\/uploads\/2023\/09\/Jaques-Peak-from-Copper-scaled.jpg'><img src='https:\/\/www.summitcountyoutdoor.com\/wp-content\/uploads\/2023\/09\/Jaques-Peak-from-Copper-600x600.jpg'><\/a><\/div><div class='tdl-carousel-item swiper-slide'><a class='gallery' href='#' data-featherlight='https:\/\/www.summitcountyoutdoor.com\/wp-content\/uploads\/2023\/09\/Nora-Gilbertsonautumn.jpg'><img src='https:\/\/www.summitcountyoutdoor.com\/wp-content\/uploads\/2023\/09\/Nora-Gilbertsonautumn-600x600.jpg'><\/a><\/div><div class='tdl-carousel-item swiper-slide'><a class='gallery' href='#' data-featherlight='https:\/\/www.summitcountyoutdoor.com\/wp-content\/uploads\/2023\/09\/outside-of-camp.jpg'><img src='https:\/\/www.summitcountyoutdoor.com\/wp-content\/uploads\/2023\/09\/outside-of-camp-600x480.jpg'><\/a><\/div><div class='tdl-carousel-item swiper-slide'><a class='gallery' href='#' data-featherlight='https:\/\/www.summitcountyoutdoor.com\/wp-content\/uploads\/2023\/09\/Snowdeer-ESDNR.jpg'><img src='https:\/\/www.summitcountyoutdoor.com\/wp-content\/uploads\/2023\/09\/Snowdeer-ESDNR-600x600.jpg'><\/a><\/div><div class='tdl-carousel-item swiper-slide'><a class='gallery' href='#' data-featherlight='https:\/\/www.summitcountyoutdoor.com\/wp-content\/uploads\/2023\/09\/The-falls-at-Eccles-2014.jpeg'><img src='https:\/\/www.summitcountyoutdoor.com\/wp-content\/uploads\/2023\/09\/The-falls-at-Eccles-2014.jpeg'><\/a><\/div><div class='tdl-carousel-item swiper-slide'><a class='gallery' href='#' data-featherlight='https:\/\/www.summitcountyoutdoor.com\/wp-content\/uploads\/2023\/09\/Upper-Willow.jpg'><img src='https:\/\/www.summitcountyoutdoor.com\/wp-content\/uploads\/2023\/09\/Upper-Willow-600x480.jpg'><\/a><\/div><\/div><\/div><\/div><\/div><\/div><\/div><div class=\"vc_row-full-width vc_clearfix\"><\/div>\n<\/div>","protected":false},"excerpt":{"rendered":"RecreateOur beautiful county has extensive recreation amenities within each of our gateway towns that take you to and through beautiful forests that are mostly your public land.Learn MoreWildlifeThe wildlife that inhabit this magnificent, forested watershed are critical to our natural world and contribute to our economy. SCOC works toward a...","protected":false},"author":1,"featured_media":429,"parent":0,"menu_order":0,"comment_status":"closed","ping_status":"closed","template":"","meta":{"footnotes":""},"class_list":["post-14","page","type-page","status-publish","has-post-thumbnail","hentry"],"aioseo_notices":[],"_links":{"self":[{"href":"https:\/\/www.summitcountyoutdoor.com\/fr\/wp-json\/wp\/v2\/pages\/14","targetHints":{"allow":["GET"]}}],"collection":[{"href":"https:\/\/www.summitcountyoutdoor.com\/fr\/wp-json\/wp\/v2\/pages"}],"about":[{"href":"https:\/\/www.summitcountyoutdoor.com\/fr\/wp-json\/wp\/v2\/types\/page"}],"author":[{"embeddable":true,"href":"https:\/\/www.summitcountyoutdoor.com\/fr\/wp-json\/wp\/v2\/users\/1"}],"replies":[{"embeddable":true,"href":"https:\/\/www.summitcountyoutdoor.com\/fr\/wp-json\/wp\/v2\/comments?post=14"}],"version-history":[{"count":12,"href":"https:\/\/www.summitcountyoutdoor.com\/fr\/wp-json\/wp\/v2\/pages\/14\/revisions"}],"predecessor-version":[{"id":610,"href":"https:\/\/www.summitcountyoutdoor.com\/fr\/wp-json\/wp\/v2\/pages\/14\/revisions\/610"}],"wp:featuredmedia":[{"embeddable":true,"href":"https:\/\/www.summitcountyoutdoor.com\/fr\/wp-json\/wp\/v2\/media\/429"}],"wp:attachment":[{"href":"https:\/\/www.summitcountyoutdoor.com\/fr\/wp-json\/wp\/v2\/media?parent=14"}],"curies":[{"name":"wp","href":"https:\/\/api.w.org\/{rel}","templated":true}]}}