{"id":344,"date":"2023-12-05T08:46:34","date_gmt":"2023-12-05T15:46:34","guid":{"rendered":"https:\/\/www.summitcountyoutdoor.com\/?page_id=344"},"modified":"2023-12-07T09:56:27","modified_gmt":"2023-12-07T16:56:27","slug":"cutthroat-trout","status":"publish","type":"page","link":"https:\/\/www.summitcountyoutdoor.com\/es\/wildlife\/cutthroat-trout\/","title":{"rendered":"Trucha Com\u00fan"},"content":{"rendered":"<div class=\"wpb-content-wrapper\"><div data-vc-full-width=\"true\" data-vc-full-width-temp=\"true\" data-vc-full-width-init=\"false\" class=\"vc_row wpb_row vc_row-fluid tdlCreamBackground\"><div class=\"wpb_column vc_column_container vc_col-sm-12\"><div class=\"vc_column-inner\"><div class=\"wpb_wrapper\"><div class='headingWrapper single-line  center'><h1>Trucha Com\u00fan<\/h1><\/div>\n\t<div class=\"wpb_text_column wpb_content_element\" >\n\t\t<div class=\"wpb_wrapper\">\n\t\t\t<p>Al pescar truchas arco iris en las pintorescas aguas de Colorado, es fundamental seguir unas pr\u00e1cticas de pesca responsables para preservar tanto la integridad del ecosistema como el bienestar de los peces. Utilice anzuelos sin p\u00faas y practique la captura y suelta siempre que sea posible para mantener poblaciones de peces sostenibles. Respete las normas de pesca estacionales y practique los principios de \"no dejar rastro\" eliminando correctamente el sedal y los residuos. Para proteger a\u00fan m\u00e1s los h\u00e1bitats de la trucha arco iris, permanezca en los senderos designados y evite pisotear las zonas ribere\u00f1as sensibles. Adoptando estas buenas pr\u00e1cticas, los pescadores pueden contribuir a la conservaci\u00f3n de las pr\u00edstinas aguas de Colorado y garantizar un entorno pr\u00f3spero para la trucha degollada.<\/p>\n\n\t\t<\/div>\n\t<\/div>\n<\/div><\/div><\/div><\/div><div class=\"vc_row-full-width vc_clearfix\"><\/div>\n<\/div>","protected":false},"excerpt":{"rendered":"Trucha degollada Al pescar truchas degolladas en las pintorescas aguas de Colorado, es fundamental seguir unas pr\u00e1cticas de pesca responsables para preservar tanto la integridad del ecosistema como el bienestar de los peces. Utilice anzuelos sin p\u00faas y practique la captura y suelta siempre que sea posible para mantener poblaciones de peces sostenibles. Respete las...","protected":false},"author":8,"featured_media":329,"parent":24,"menu_order":0,"comment_status":"closed","ping_status":"closed","template":"","meta":{"footnotes":""},"class_list":["post-344","page","type-page","status-publish","has-post-thumbnail","hentry"],"aioseo_notices":[],"_links":{"self":[{"href":"https:\/\/www.summitcountyoutdoor.com\/es\/wp-json\/wp\/v2\/pages\/344","targetHints":{"allow":["GET"]}}],"collection":[{"href":"https:\/\/www.summitcountyoutdoor.com\/es\/wp-json\/wp\/v2\/pages"}],"about":[{"href":"https:\/\/www.summitcountyoutdoor.com\/es\/wp-json\/wp\/v2\/types\/page"}],"author":[{"embeddable":true,"href":"https:\/\/www.summitcountyoutdoor.com\/es\/wp-json\/wp\/v2\/users\/8"}],"replies":[{"embeddable":true,"href":"https:\/\/www.summitcountyoutdoor.com\/es\/wp-json\/wp\/v2\/comments?post=344"}],"version-history":[{"count":4,"href":"https:\/\/www.summitcountyoutdoor.com\/es\/wp-json\/wp\/v2\/pages\/344\/revisions"}],"predecessor-version":[{"id":394,"href":"https:\/\/www.summitcountyoutdoor.com\/es\/wp-json\/wp\/v2\/pages\/344\/revisions\/394"}],"up":[{"embeddable":true,"href":"https:\/\/www.summitcountyoutdoor.com\/es\/wp-json\/wp\/v2\/pages\/24"}],"wp:featuredmedia":[{"embeddable":true,"href":"https:\/\/www.summitcountyoutdoor.com\/es\/wp-json\/wp\/v2\/media\/329"}],"wp:attachment":[{"href":"https:\/\/www.summitcountyoutdoor.com\/es\/wp-json\/wp\/v2\/media?parent=344"}],"curies":[{"name":"wp","href":"https:\/\/api.w.org\/{rel}","templated":true}]}}