{"id":342,"date":"2023-12-05T08:46:19","date_gmt":"2023-12-05T15:46:19","guid":{"rendered":"https:\/\/www.summitcountyoutdoor.com\/?page_id=342"},"modified":"2023-12-07T09:56:15","modified_gmt":"2023-12-07T16:56:15","slug":"birds-of-prey","status":"publish","type":"page","link":"https:\/\/www.summitcountyoutdoor.com\/es\/wildlife\/birds-of-prey\/","title":{"rendered":"Aves Rapaces"},"content":{"rendered":"<div class=\"wpb-content-wrapper\"><div data-vc-full-width=\"true\" data-vc-full-width-temp=\"true\" data-vc-full-width-init=\"false\" class=\"vc_row wpb_row vc_row-fluid tdlCreamBackground\"><div class=\"wpb_column vc_column_container vc_col-sm-12\"><div class=\"vc_column-inner\"><div class=\"wpb_wrapper\"><div class='headingWrapper single-line  center'><h1>Aves Rapaces<\/h1><\/div>\n\t<div class=\"wpb_text_column wpb_content_element\" >\n\t\t<div class=\"wpb_wrapper\">\n\t\t\t<p>En los pr\u00edstinos paisajes del condado de Summit, en Colorado, se puede observar una gran variedad de aves rapaces, como halcones de cola roja, \u00e1guilas reales y, ocasionalmente, halcones peregrinos. Para proteger sus h\u00e1bitats vitales, los excursionistas y aficionados a la naturaleza deben seguir pr\u00e1cticas responsables, permanecer en los senderos designados y minimizar las molestias. Evitar la introducci\u00f3n de plantas no aut\u00f3ctonas y garantizar la correcta eliminaci\u00f3n de residuos son medidas esenciales para preservar el delicado equilibrio de los ecosistemas del condado de Summit, salvaguardando estas magn\u00edficas aves y sus h\u00e1bitats para las generaciones venideras.<\/p>\n\n\t\t<\/div>\n\t<\/div>\n<\/div><\/div><\/div><\/div><div class=\"vc_row-full-width vc_clearfix\"><\/div>\n<\/div>","protected":false},"excerpt":{"rendered":"Aves rapaces En los pr\u00edstinos paisajes del condado de Summit, Colorado, se puede observar una gran variedad de aves rapaces, como halcones de cola roja, \u00e1guilas reales y, ocasionalmente, halcones peregrinos. Para proteger sus h\u00e1bitats vitales, los excursionistas y entusiastas de la naturaleza deben adherirse a pr\u00e1cticas responsables, permaneciendo en los senderos designados y...","protected":false},"author":8,"featured_media":355,"parent":24,"menu_order":0,"comment_status":"closed","ping_status":"closed","template":"","meta":{"footnotes":""},"class_list":["post-342","page","type-page","status-publish","has-post-thumbnail","hentry"],"aioseo_notices":[],"_links":{"self":[{"href":"https:\/\/www.summitcountyoutdoor.com\/es\/wp-json\/wp\/v2\/pages\/342","targetHints":{"allow":["GET"]}}],"collection":[{"href":"https:\/\/www.summitcountyoutdoor.com\/es\/wp-json\/wp\/v2\/pages"}],"about":[{"href":"https:\/\/www.summitcountyoutdoor.com\/es\/wp-json\/wp\/v2\/types\/page"}],"author":[{"embeddable":true,"href":"https:\/\/www.summitcountyoutdoor.com\/es\/wp-json\/wp\/v2\/users\/8"}],"replies":[{"embeddable":true,"href":"https:\/\/www.summitcountyoutdoor.com\/es\/wp-json\/wp\/v2\/comments?post=342"}],"version-history":[{"count":4,"href":"https:\/\/www.summitcountyoutdoor.com\/es\/wp-json\/wp\/v2\/pages\/342\/revisions"}],"predecessor-version":[{"id":393,"href":"https:\/\/www.summitcountyoutdoor.com\/es\/wp-json\/wp\/v2\/pages\/342\/revisions\/393"}],"up":[{"embeddable":true,"href":"https:\/\/www.summitcountyoutdoor.com\/es\/wp-json\/wp\/v2\/pages\/24"}],"wp:featuredmedia":[{"embeddable":true,"href":"https:\/\/www.summitcountyoutdoor.com\/es\/wp-json\/wp\/v2\/media\/355"}],"wp:attachment":[{"href":"https:\/\/www.summitcountyoutdoor.com\/es\/wp-json\/wp\/v2\/media?parent=342"}],"curies":[{"name":"wp","href":"https:\/\/api.w.org\/{rel}","templated":true}]}}