{"id":338,"date":"2023-12-05T08:45:45","date_gmt":"2023-12-05T15:45:45","guid":{"rendered":"https:\/\/www.summitcountyoutdoor.com\/?page_id=338"},"modified":"2023-12-11T13:53:29","modified_gmt":"2023-12-11T20:53:29","slug":"fox","status":"publish","type":"page","link":"https:\/\/www.summitcountyoutdoor.com\/es\/wildlife\/fox\/","title":{"rendered":"Zorro"},"content":{"rendered":"<div class=\"wpb-content-wrapper\"><div data-vc-full-width=\"true\" data-vc-full-width-temp=\"true\" data-vc-full-width-init=\"false\" class=\"vc_row wpb_row vc_row-fluid tdlCreamBackground\"><div class=\"wpb_column vc_column_container vc_col-sm-12\"><div class=\"vc_column-inner\"><div class=\"wpb_wrapper\"><div class='headingWrapper single-line  center'><h1>Zorro<\/h1><\/div>\n\t<div class=\"wpb_text_column wpb_content_element\" >\n\t\t<div class=\"wpb_wrapper\">\n\t\t\t<p>En Colorado, el zorro es una especie cautivadora y adaptable que prospera en diversos paisajes, como zonas urbanas, praderas y bosques. Conocidos por su llamativo pelaje marr\u00f3n rojizo, aunque algunos ejemplares pueden mostrar una coloraci\u00f3n gris o negra, estos ingeniosos c\u00e1nidos suelen lucir una larga y tupida cola marcada con una distintiva punta blanca. Los zorros de Colorado son famosos por su capacidad para coexistir en la proximidad de entornos humanos, mostrando un nivel de comodidad que puede llevarlos a los barrios suburbanos. Observar a estas criaturas \u00e1giles e inteligentes con el tel\u00f3n de fondo de los diversos ecosistemas del estado a\u00f1ade un toque de encanto salvaje al paisaje de Colorado.<\/p>\n\n\t\t<\/div>\n\t<\/div>\n<\/div><\/div><\/div><\/div><div class=\"vc_row-full-width vc_clearfix\"><\/div>\n<\/div>","protected":false},"excerpt":{"rendered":"Zorro En Colorado, el zorro es una especie cautivadora y adaptable que prospera en diversos paisajes, como zonas urbanas, praderas y bosques. Conocido por su llamativo pelaje marr\u00f3n rojizo, aunque algunos ejemplares pueden mostrar una coloraci\u00f3n gris o negra, estos ingeniosos c\u00e1nidos suelen lucir una larga y tupida cola marcada con un...","protected":false},"author":8,"featured_media":326,"parent":24,"menu_order":0,"comment_status":"closed","ping_status":"closed","template":"","meta":{"footnotes":""},"class_list":["post-338","page","type-page","status-publish","has-post-thumbnail","hentry"],"aioseo_notices":[],"_links":{"self":[{"href":"https:\/\/www.summitcountyoutdoor.com\/es\/wp-json\/wp\/v2\/pages\/338","targetHints":{"allow":["GET"]}}],"collection":[{"href":"https:\/\/www.summitcountyoutdoor.com\/es\/wp-json\/wp\/v2\/pages"}],"about":[{"href":"https:\/\/www.summitcountyoutdoor.com\/es\/wp-json\/wp\/v2\/types\/page"}],"author":[{"embeddable":true,"href":"https:\/\/www.summitcountyoutdoor.com\/es\/wp-json\/wp\/v2\/users\/8"}],"replies":[{"embeddable":true,"href":"https:\/\/www.summitcountyoutdoor.com\/es\/wp-json\/wp\/v2\/comments?post=338"}],"version-history":[{"count":4,"href":"https:\/\/www.summitcountyoutdoor.com\/es\/wp-json\/wp\/v2\/pages\/338\/revisions"}],"predecessor-version":[{"id":412,"href":"https:\/\/www.summitcountyoutdoor.com\/es\/wp-json\/wp\/v2\/pages\/338\/revisions\/412"}],"up":[{"embeddable":true,"href":"https:\/\/www.summitcountyoutdoor.com\/es\/wp-json\/wp\/v2\/pages\/24"}],"wp:featuredmedia":[{"embeddable":true,"href":"https:\/\/www.summitcountyoutdoor.com\/es\/wp-json\/wp\/v2\/media\/326"}],"wp:attachment":[{"href":"https:\/\/www.summitcountyoutdoor.com\/es\/wp-json\/wp\/v2\/media?parent=338"}],"curies":[{"name":"wp","href":"https:\/\/api.w.org\/{rel}","templated":true}]}}