{"id":336,"date":"2023-12-05T08:45:34","date_gmt":"2023-12-05T15:45:34","guid":{"rendered":"https:\/\/www.summitcountyoutdoor.com\/?page_id=336"},"modified":"2023-12-07T09:55:52","modified_gmt":"2023-12-07T16:55:52","slug":"bear","status":"publish","type":"page","link":"https:\/\/www.summitcountyoutdoor.com\/es\/wildlife\/bear\/","title":{"rendered":"Oso"},"content":{"rendered":"<div class=\"wpb-content-wrapper\"><div data-vc-full-width=\"true\" data-vc-full-width-temp=\"true\" data-vc-full-width-init=\"false\" class=\"vc_row wpb_row vc_row-fluid tdlCreamBackground\"><div class=\"wpb_column vc_column_container vc_col-sm-12\"><div class=\"vc_column-inner\"><div class=\"wpb_wrapper\"><div class='headingWrapper single-line  center'><h1>Oso<\/h1><\/div>\n\t<div class=\"wpb_text_column wpb_content_element\" >\n\t\t<div class=\"wpb_wrapper\">\n\t\t\t<p>En Colorado, la diversa poblaci\u00f3n de osos est\u00e1 formada predominantemente por \"Osos Negros\", que muestran una gama de colores que va desde el negro y el marr\u00f3n hasta el canela. Estas magn\u00edficas criaturas son parte integrante de la fauna del estado y habitan en diversos ecosistemas, como bosques y regiones monta\u00f1osas. Para coexistir de forma segura con los osos en Colorado, es crucial que tanto los residentes como los visitantes adopten pr\u00e1cticas responsables en relaci\u00f3n con el almacenamiento de alimentos y la gesti\u00f3n de residuos en las zonas propensas a los osos.<\/p>\n\n\t\t<\/div>\n\t<\/div>\n<\/div><\/div><\/div><\/div><div class=\"vc_row-full-width vc_clearfix\"><\/div>\n<\/div>","protected":false},"excerpt":{"rendered":"Oso En Colorado, la diversa poblaci\u00f3n de osos est\u00e1 formada predominantemente por \"Osos Negros\", que muestran una gama de colores que va desde el negro y el marr\u00f3n hasta el canela. Estas magn\u00edficas criaturas son una parte integral de la vida salvaje del estado, habitando varios ecosistemas, incluyendo bosques y regiones monta\u00f1osas. Para coexistir de forma segura con los osos en Colorado, es...","protected":false},"author":8,"featured_media":331,"parent":24,"menu_order":0,"comment_status":"closed","ping_status":"closed","template":"","meta":{"footnotes":""},"class_list":["post-336","page","type-page","status-publish","has-post-thumbnail","hentry"],"aioseo_notices":[],"_links":{"self":[{"href":"https:\/\/www.summitcountyoutdoor.com\/es\/wp-json\/wp\/v2\/pages\/336","targetHints":{"allow":["GET"]}}],"collection":[{"href":"https:\/\/www.summitcountyoutdoor.com\/es\/wp-json\/wp\/v2\/pages"}],"about":[{"href":"https:\/\/www.summitcountyoutdoor.com\/es\/wp-json\/wp\/v2\/types\/page"}],"author":[{"embeddable":true,"href":"https:\/\/www.summitcountyoutdoor.com\/es\/wp-json\/wp\/v2\/users\/8"}],"replies":[{"embeddable":true,"href":"https:\/\/www.summitcountyoutdoor.com\/es\/wp-json\/wp\/v2\/comments?post=336"}],"version-history":[{"count":6,"href":"https:\/\/www.summitcountyoutdoor.com\/es\/wp-json\/wp\/v2\/pages\/336\/revisions"}],"predecessor-version":[{"id":391,"href":"https:\/\/www.summitcountyoutdoor.com\/es\/wp-json\/wp\/v2\/pages\/336\/revisions\/391"}],"up":[{"embeddable":true,"href":"https:\/\/www.summitcountyoutdoor.com\/es\/wp-json\/wp\/v2\/pages\/24"}],"wp:featuredmedia":[{"embeddable":true,"href":"https:\/\/www.summitcountyoutdoor.com\/es\/wp-json\/wp\/v2\/media\/331"}],"wp:attachment":[{"href":"https:\/\/www.summitcountyoutdoor.com\/es\/wp-json\/wp\/v2\/media?parent=336"}],"curies":[{"name":"wp","href":"https:\/\/api.w.org\/{rel}","templated":true}]}}