{"id":24,"date":"2023-09-08T08:41:25","date_gmt":"2023-09-08T14:41:25","guid":{"rendered":"https:\/\/www.summitcountyoutdoor.com\/?page_id=24"},"modified":"2026-02-03T15:04:23","modified_gmt":"2026-02-03T22:04:23","slug":"wildlife","status":"publish","type":"page","link":"https:\/\/www.summitcountyoutdoor.com\/es\/wildlife\/","title":{"rendered":"Vida Salvaje"},"content":{"rendered":"<div class=\"wpb-content-wrapper\"><div data-vc-full-width=\"true\" data-vc-full-width-temp=\"true\" data-vc-full-width-init=\"false\" class=\"vc_row wpb_row vc_row-fluid tdlCreamBackground\"><div class=\"wpb_column vc_column_container vc_col-sm-12\"><div class=\"vc_column-inner\"><div class=\"wpb_wrapper\"><div class='headingWrapper single-line  center script'><h1>Vida salvaje y ocio<\/h1><\/div><div class='headingWrapper single-line  center'><h4>Recreaci\u00f3n Responsable para la Fauna<\/h4><\/div>\n\t<div class=\"wpb_text_column wpb_content_element\" >\n\t\t<div class=\"wpb_wrapper\">\n\t\t\t<p style=\"text-align: center;\">La recreaci\u00f3n responsable en las \u00e1reas silvestres de Colorado es esencial para preservar la belleza natural y los h\u00e1bitats de la regi\u00f3n. Estas son algunas pautas a seguir cuando disfrute de actividades al aire libre en los espacios naturales de Colorado:<\/p>\n\n\t\t<\/div>\n\t<\/div>\n<\/div><\/div><\/div><\/div><div class=\"vc_row-full-width vc_clearfix\"><\/div><div data-vc-full-width=\"true\" data-vc-full-width-temp=\"true\" data-vc-full-width-init=\"false\" class=\"vc_row wpb_row vc_row-fluid tdlCreamBackground vc_custom_1699984704535\"><div class=\"wpb_column vc_column_container vc_col-sm-12\"><div class=\"vc_column-inner\"><div class=\"wpb_wrapper\"><div class='tdlTabbedContentContainer'><div class='navWrapper'><ul id='tabs'><li id='moose'><div class='icon icon-moose'><\/div><span>Alce<\/span><div class='mobileContentWrapper'><div class='content'>Si se encuentra con un alce mientras practica senderismo, es crucial que mantenga la calma y tome medidas de precauci\u00f3n para garantizar tanto su seguridad como el bienestar del alce.<\/div><img src='https:\/\/www.summitcountyoutdoor.com\/wp-content\/uploads\/2023\/12\/Depositphotos_126739068_XL-800x600.jpg' \/><\/div><\/li><li id='bear'><div class='icon icon-bear'><\/div><span>Oso<\/span><div class='mobileContentWrapper'><div class='content'>Tenga cuidado con la comida y la basura en las zonas habitadas por osos para minimizar los posibles encuentros.<\/div><img src='https:\/\/www.summitcountyoutdoor.com\/wp-content\/uploads\/2023\/12\/Depositphotos_41346587_XL-800x600.jpg' \/><\/div><\/li><li id='fox'><div class='icon icon-fox'><\/div><span>Zorro<\/span><div class='mobileContentWrapper'><div class='content'>De tama\u00f1o compacto, suele mostrar un tono rojizo, aunque algunos pueden parecer grises o negros. Posee una cola larga y tupida con una caracter\u00edstica punta blanca. No teme a los humanos.<\/div><img src='https:\/\/www.summitcountyoutdoor.com\/wp-content\/uploads\/2023\/12\/Depositphotos_56490167_XL-800x600.jpg' \/><\/div><\/li><li id='lynx'><div class='icon icon-linx'><\/div><span>Lince<\/span><div class='mobileContentWrapper'><div class='content'>El lince canadiense es una notable especie de felino salvaje conocido por sus orejas empenachadas, su aspecto caracter\u00edstico y sus grandes patas en forma de raquetas de nieve, y est\u00e1 catalogado como especie amenazada en algunas regiones.<\/div><img src='https:\/\/www.summitcountyoutdoor.com\/wp-content\/uploads\/2023\/12\/Depositphotos_84030308_XL-800x600.jpg' \/><\/div><\/li><li id='birdsOfPrey'><div class='icon icon-bird-of-prey'><\/div><span>Aves Rapaces<\/span><div class='mobileContentWrapper'><div class='content'>En el Condado de Summit, Colorado, los cielos se engalanan con la majestuosa presencia de aves rapaces, como halcones de cola roja, \u00e1guilas, \u00e1guilas pescadoras y alg\u00fan que otro halc\u00f3n peregrino.<\/div><img src='https:\/\/www.summitcountyoutdoor.com\/wp-content\/uploads\/2023\/12\/Depositphotos_72977857_XL-800x600.jpg' \/><\/div><\/li><li id='cutthroatTrout'><div class='icon icon-trout'><\/div><span>Trucha Com\u00fan<\/span><div class='mobileContentWrapper'><div class='content'>La trucha com\u00fan, que se distingue por sus vibrantes barras rojas en la mand\u00edbula inferior, prospera en pr\u00edstinos arroyos de monta\u00f1a, encarnando la belleza natural y la resistencia de los ecosistemas de agua dulce.<\/div><img src='https:\/\/www.summitcountyoutdoor.com\/wp-content\/uploads\/2023\/12\/Depositphotos_69802023_XL-800x600.jpg' \/><\/div><\/li><\/ul><\/div><div class='contentWrapper'>\n\t<div class='tdlTabbedContentItem' id='moose'>\n\t<div class='image'><a href='https:\/\/www.summitcountyoutdoor.com\/es\/wildlife\/moose\/' target=''><img src='https:\/\/www.summitcountyoutdoor.com\/wp-content\/uploads\/2023\/12\/Depositphotos_126739068_XL-800x400.jpg' \/><\/a><\/div>\n\t<div class='description'>Si se encuentra con un alce mientras practica senderismo, es crucial que mantenga la calma y tome medidas de precauci\u00f3n para garantizar tanto su seguridad como el bienestar del alce.<\/div>\n\t<a class='learnMore' href='https:\/\/www.summitcountyoutdoor.com\/es\/wildlife\/moose\/' target=''>M\u00e1s informaci\u00f3n<\/a>\n\t<\/div>\n\t<div class='tdlTabbedContentItem' id='bear'>\n\t<div class='image'><a href='https:\/\/www.summitcountyoutdoor.com\/es\/wildlife\/bear\/' target=''><img src='https:\/\/www.summitcountyoutdoor.com\/wp-content\/uploads\/2023\/12\/Depositphotos_41346587_XL-800x400.jpg' \/><\/a><\/div>\n\t<div class='description'>Tenga cuidado con la comida y la basura en las zonas habitadas por osos para minimizar los posibles encuentros.<\/div>\n\t<a class='learnMore' href='https:\/\/www.summitcountyoutdoor.com\/es\/wildlife\/bear\/' target=''>M\u00e1s informaci\u00f3n<\/a>\n\t<\/div>\n\t<div class='tdlTabbedContentItem' id='fox'>\n\t<div class='image'><a href='https:\/\/www.summitcountyoutdoor.com\/es\/wildlife\/fox\/' target=''><img src='https:\/\/www.summitcountyoutdoor.com\/wp-content\/uploads\/2023\/12\/Depositphotos_56490167_XL-800x400.jpg' \/><\/a><\/div>\n\t<div class='description'>De tama\u00f1o compacto, suele mostrar un tono rojizo, aunque algunos pueden parecer grises o negros. Posee una cola larga y tupida con una caracter\u00edstica punta blanca. No teme a los humanos.<\/div>\n\t<a class='learnMore' href='https:\/\/www.summitcountyoutdoor.com\/es\/wildlife\/fox\/' target=''>M\u00e1s informaci\u00f3n<\/a>\n\t<\/div>\n\t<div class='tdlTabbedContentItem' id='lynx'>\n\t<div class='image'><a href='https:\/\/www.summitcountyoutdoor.com\/es\/wildlife\/lynx\/' target=''><img src='https:\/\/www.summitcountyoutdoor.com\/wp-content\/uploads\/2023\/12\/Depositphotos_84030308_XL-800x400.jpg' \/><\/a><\/div>\n\t<div class='description'>El lince canadiense es una notable especie de felino salvaje conocido por sus orejas empenachadas, su aspecto caracter\u00edstico y sus grandes patas en forma de raquetas de nieve, y est\u00e1 catalogado como especie amenazada en algunas regiones.<\/div>\n\t<a class='learnMore' href='https:\/\/www.summitcountyoutdoor.com\/es\/wildlife\/lynx\/' target=''>M\u00e1s informaci\u00f3n<\/a>\n\t<\/div>\n\t<div class='tdlTabbedContentItem' id='birdsOfPrey'>\n\t<div class='image'><a href='https:\/\/www.summitcountyoutdoor.com\/es\/wildlife\/birds-of-prey\/' target=''><img src='https:\/\/www.summitcountyoutdoor.com\/wp-content\/uploads\/2023\/12\/Depositphotos_72977857_XL-800x400.jpg' \/><\/a><\/div>\n\t<div class='description'>En el Condado de Summit, Colorado, los cielos se engalanan con la majestuosa presencia de aves rapaces, como halcones de cola roja, \u00e1guilas, \u00e1guilas pescadoras y alg\u00fan que otro halc\u00f3n peregrino.<\/div>\n\t<a class='learnMore' href='https:\/\/www.summitcountyoutdoor.com\/es\/wildlife\/birds-of-prey\/' target=''>M\u00e1s informaci\u00f3n<\/a>\n\t<\/div>\n\t<div class='tdlTabbedContentItem' id='cutthroatTrout'>\n\t<div class='image'><a href='https:\/\/www.summitcountyoutdoor.com\/es\/wildlife\/cutthroat-trout\/' target=''><img src='https:\/\/www.summitcountyoutdoor.com\/wp-content\/uploads\/2023\/12\/Depositphotos_69802023_XL-800x400.jpg' \/><\/a><\/div>\n\t<div class='description'>La trucha com\u00fan, que se distingue por sus vibrantes barras rojas en la mand\u00edbula inferior, prospera en pr\u00edstinos arroyos de monta\u00f1a, encarnando la belleza natural y la resistencia de los ecosistemas de agua dulce.<\/div>\n\t<a class='learnMore' href='https:\/\/www.summitcountyoutdoor.com\/es\/wildlife\/cutthroat-trout\/' target=''>M\u00e1s informaci\u00f3n<\/a>\n\t<\/div><\/div><\/div><\/div><\/div><\/div><\/div><div class=\"vc_row-full-width vc_clearfix\"><\/div><div data-vc-full-width=\"true\" data-vc-full-width-temp=\"true\" data-vc-full-width-init=\"false\" class=\"vc_row wpb_row vc_row-fluid tdlCreamBackground\"><div class=\"wpb_column vc_column_container vc_col-sm-12\"><div class=\"vc_column-inner\"><div class=\"wpb_wrapper\">\n\t<div class=\"wpb_video_widget wpb_content_element vc_clearfix   vc_video-aspect-ratio-169 vc_video-el-width-100 vc_video-align-left\" >\n\t\t<div class=\"wpb_wrapper\">\n\t\t\t\n\t\t\t<div class=\"wpb_video_wrapper\"><iframe loading=\"lazy\" title=\"The Vibe: Summit County Outdoor Coalition - Vida salvaje\" width=\"500\" height=\"281\" src=\"https:\/\/www.youtube.com\/embed\/p-U336sGb5Q?feature=oembed\" frameborder=\"0\" allow=\"accelerometer; autoplay; clipboard-write; encrypted-media; gyroscope; picture-in-picture; web-share\" referrerpolicy=\"strict-origin-when-cross-origin\" allowfullscreen><\/iframe><\/div>\n\t\t<\/div>\n\t<\/div>\n<\/div><\/div><\/div><\/div><div class=\"vc_row-full-width vc_clearfix\"><\/div><div data-vc-full-width=\"true\" data-vc-full-width-temp=\"true\" data-vc-full-width-init=\"false\" class=\"vc_row wpb_row vc_row-fluid vc_custom_1695395520808 vc_row-has-fill\"><div class=\"wpb_column vc_column_container vc_col-sm-12\"><div class=\"vc_column-inner\"><div class=\"wpb_wrapper\"><div class='quoteWrapper shadow'><h4 class='quote'>No somos due\u00f1os del planeta Tierra, pertenecemos a \u00e9l. Debemos compartirlo con nuestra fauna.<\/h4><span class='author'>Steve Irwin<\/span><\/div><\/div><\/div><\/div><\/div><div class=\"vc_row-full-width vc_clearfix\"><\/div><div data-vc-full-width=\"true\" data-vc-full-width-temp=\"true\" data-vc-full-width-init=\"false\" data-vc-stretch-content=\"true\" class=\"vc_row wpb_row vc_row-fluid tdlNoTopPadding vc_row-no-padding\"><div class=\"wpb_column vc_column_container vc_col-sm-12\"><div class=\"vc_column-inner\"><div class=\"wpb_wrapper\"><div class='tdl-image-carousel swiper' data-autoplay='true'><div class='swiper-wrapper'><div class='tdl-carousel-item swiper-slide'><a class='gallery' href='#' data-featherlight='https:\/\/www.summitcountyoutdoor.com\/wp-content\/uploads\/2023\/09\/a-shelf-of-a-lake.jpg'><img src='https:\/\/www.summitcountyoutdoor.com\/wp-content\/uploads\/2023\/09\/a-shelf-of-a-lake-600x480.jpg'><\/a><\/div><div class='tdl-carousel-item swiper-slide'><a class='gallery' href='#' data-featherlight='https:\/\/www.summitcountyoutdoor.com\/wp-content\/uploads\/2023\/09\/Abbeys-scaled.jpg'><img src='https:\/\/www.summitcountyoutdoor.com\/wp-content\/uploads\/2023\/09\/Abbeys-600x600.jpg'><\/a><\/div><div class='tdl-carousel-item swiper-slide'><a class='gallery' href='#' data-featherlight='https:\/\/www.summitcountyoutdoor.com\/wp-content\/uploads\/2023\/09\/building-for-our-recreation.jpg'><img src='https:\/\/www.summitcountyoutdoor.com\/wp-content\/uploads\/2023\/09\/building-for-our-recreation-600x600.jpg'><\/a><\/div><div class='tdl-carousel-item swiper-slide'><a class='gallery' href='#' data-featherlight='https:\/\/www.summitcountyoutdoor.com\/wp-content\/uploads\/2023\/09\/Dryconditions.jpg'><img src='https:\/\/www.summitcountyoutdoor.com\/wp-content\/uploads\/2023\/09\/Dryconditions-600x600.jpg'><\/a><\/div><div class='tdl-carousel-item swiper-slide'><a class='gallery' href='#' data-featherlight='https:\/\/www.summitcountyoutdoor.com\/wp-content\/uploads\/2023\/09\/Elissa-SlezakDeer-scaled.jpg'><img src='https:\/\/www.summitcountyoutdoor.com\/wp-content\/uploads\/2023\/09\/Elissa-SlezakDeer-600x600.jpg'><\/a><\/div><div class='tdl-carousel-item swiper-slide'><a class='gallery' href='#' data-featherlight='https:\/\/www.summitcountyoutdoor.com\/wp-content\/uploads\/2023\/09\/Jaques-Peak-from-Copper-scaled.jpg'><img src='https:\/\/www.summitcountyoutdoor.com\/wp-content\/uploads\/2023\/09\/Jaques-Peak-from-Copper-600x600.jpg'><\/a><\/div><div class='tdl-carousel-item swiper-slide'><a class='gallery' href='#' data-featherlight='https:\/\/www.summitcountyoutdoor.com\/wp-content\/uploads\/2023\/09\/Nora-Gilbertsonautumn.jpg'><img src='https:\/\/www.summitcountyoutdoor.com\/wp-content\/uploads\/2023\/09\/Nora-Gilbertsonautumn-600x600.jpg'><\/a><\/div><div class='tdl-carousel-item swiper-slide'><a class='gallery' href='#' data-featherlight='https:\/\/www.summitcountyoutdoor.com\/wp-content\/uploads\/2023\/09\/outside-of-camp.jpg'><img src='https:\/\/www.summitcountyoutdoor.com\/wp-content\/uploads\/2023\/09\/outside-of-camp-600x480.jpg'><\/a><\/div><div class='tdl-carousel-item swiper-slide'><a class='gallery' href='#' data-featherlight='https:\/\/www.summitcountyoutdoor.com\/wp-content\/uploads\/2023\/09\/Snowdeer-ESDNR.jpg'><img src='https:\/\/www.summitcountyoutdoor.com\/wp-content\/uploads\/2023\/09\/Snowdeer-ESDNR-600x600.jpg'><\/a><\/div><div class='tdl-carousel-item swiper-slide'><a class='gallery' href='#' data-featherlight='https:\/\/www.summitcountyoutdoor.com\/wp-content\/uploads\/2023\/09\/The-falls-at-Eccles-2014.jpeg'><img src='https:\/\/www.summitcountyoutdoor.com\/wp-content\/uploads\/2023\/09\/The-falls-at-Eccles-2014.jpeg'><\/a><\/div><div class='tdl-carousel-item swiper-slide'><a class='gallery' href='#' data-featherlight='https:\/\/www.summitcountyoutdoor.com\/wp-content\/uploads\/2023\/09\/Upper-Willow.jpg'><img src='https:\/\/www.summitcountyoutdoor.com\/wp-content\/uploads\/2023\/09\/Upper-Willow-600x480.jpg'><\/a><\/div><\/div><\/div><\/div><\/div><\/div><\/div><div class=\"vc_row-full-width vc_clearfix\"><\/div>\n<\/div>","protected":false},"excerpt":{"rendered":"Vida silvestre y recreaci\u00f3nRecreo responsable para la vida silvestre Recrearse responsablemente en las \u00e1reas silvestres de Colorado es esencial para preservar la belleza natural y los h\u00e1bitats de la regi\u00f3n. Estas son algunas pautas a seguir cuando disfrute de actividades al aire libre en los espacios naturales de Colorado: AlcesSi se encuentra con un alce mientras practica senderismo, es crucial mantener la calma y...","protected":false},"author":1,"featured_media":429,"parent":0,"menu_order":0,"comment_status":"closed","ping_status":"closed","template":"","meta":{"footnotes":""},"class_list":["post-24","page","type-page","status-publish","has-post-thumbnail","hentry"],"aioseo_notices":[],"_links":{"self":[{"href":"https:\/\/www.summitcountyoutdoor.com\/es\/wp-json\/wp\/v2\/pages\/24","targetHints":{"allow":["GET"]}}],"collection":[{"href":"https:\/\/www.summitcountyoutdoor.com\/es\/wp-json\/wp\/v2\/pages"}],"about":[{"href":"https:\/\/www.summitcountyoutdoor.com\/es\/wp-json\/wp\/v2\/types\/page"}],"author":[{"embeddable":true,"href":"https:\/\/www.summitcountyoutdoor.com\/es\/wp-json\/wp\/v2\/users\/1"}],"replies":[{"embeddable":true,"href":"https:\/\/www.summitcountyoutdoor.com\/es\/wp-json\/wp\/v2\/comments?post=24"}],"version-history":[{"count":11,"href":"https:\/\/www.summitcountyoutdoor.com\/es\/wp-json\/wp\/v2\/pages\/24\/revisions"}],"predecessor-version":[{"id":564,"href":"https:\/\/www.summitcountyoutdoor.com\/es\/wp-json\/wp\/v2\/pages\/24\/revisions\/564"}],"wp:featuredmedia":[{"embeddable":true,"href":"https:\/\/www.summitcountyoutdoor.com\/es\/wp-json\/wp\/v2\/media\/429"}],"wp:attachment":[{"href":"https:\/\/www.summitcountyoutdoor.com\/es\/wp-json\/wp\/v2\/media?parent=24"}],"curies":[{"name":"wp","href":"https:\/\/api.w.org\/{rel}","templated":true}]}}