{"id":22,"date":"2023-09-08T08:41:09","date_gmt":"2023-09-08T14:41:09","guid":{"rendered":"https:\/\/www.summitcountyoutdoor.com\/?page_id=22"},"modified":"2026-02-06T18:02:31","modified_gmt":"2026-02-07T01:02:31","slug":"recreate","status":"publish","type":"page","link":"https:\/\/www.summitcountyoutdoor.com\/es\/recreate\/","title":{"rendered":"Recree"},"content":{"rendered":"<div class=\"wpb-content-wrapper\"><div data-vc-full-width=\"true\" data-vc-full-width-temp=\"true\" data-vc-full-width-init=\"false\" class=\"vc_row wpb_row vc_row-fluid tdlCreamBackground\"><div class=\"wpb_column vc_column_container vc_col-sm-12\"><div class=\"vc_column-inner\"><div class=\"wpb_wrapper\"><div class='headingWrapper single-line  center script'><h1>Recree<\/h1><\/div><div class=\"vc_row wpb_row vc_inner vc_row-fluid\"><div class=\"wpb_column vc_column_container vc_col-sm-3\"><div class=\"vc_column-inner\"><div class=\"wpb_wrapper\">\n\t<div  class=\"wpb_single_image wpb_content_element vc_align_left wpb_content_element\">\n\t\t\n\t\t<figure class=\"wpb_wrapper vc_figure\">\n\t\t\t<div class=\"vc_single_image-wrapper vc_box_border_circle  vc_box_border_green\"><img decoding=\"async\" class=\"vc_single_image-img\" src=\"https:\/\/www.summitcountyoutdoor.com\/wp-content\/uploads\/2023\/09\/Depositphotos_22923862_XL-scaled-1707x1707.jpg\" width=\"1707\" height=\"1707\" alt=\"hiking - hikers looking at map. Couple or friends navigating together smiling happy during camping travel hike outdoors in forest. Young mixed race Asian \/ Caucasian woman and Caucasian man.\" title=\"Senderismo - excursionistas mirando el mapa\" \/><\/div>\n\t\t<\/figure>\n\t<\/div>\n<\/div><\/div><\/div><div class=\"wpb_column vc_column_container vc_col-sm-9\"><div class=\"vc_column-inner\"><div class=\"wpb_wrapper\"><div class='headingWrapper single-line'><h4>Recursos de mapas de senderos para su planificaci\u00f3n.<\/h4><\/div>\n\t<div class=\"wpb_text_column wpb_content_element\" >\n\t\t<div class=\"wpb_wrapper\">\n\t\t\t<p>Nuestro condado cuenta con un sistema de senderos incre\u00edblemente conectado que da cabida a todo tipo de actividades recreativas con m\u00e1s de 400 millas de senderos multiusos. Sea respetuoso con los dem\u00e1s visitantes y eche un vistazo a la se\u00f1alizaci\u00f3n de los modos de recreo permitidos. Puede ser desalentador dada la enormidad del sistema de senderos, as\u00ed que t\u00f3mese su tiempo para explorar uno de nuestros mapas de senderos con descripci\u00f3n de los l\u00edderes de la comunidad. <\/p>\n\n\t\t<\/div>\n\t<\/div>\n<div class='tdlButtonWrapper right simple'><a class='tdlButton' href='https:\/\/trails.colorado.gov\/map\/@39.641146,-106.108002,9.00z#activity=hiking' target='_blank'>CPW's Interactive Trail Map<\/a><\/div><div class=\"vc_empty_space\"   style=\"height: 35px\"><span class=\"vc_empty_space_inner\"><\/span><\/div>\n\t<div class=\"wpb_video_widget wpb_content_element vc_clearfix   vc_video-aspect-ratio-169 vc_video-el-width-100 vc_video-align-left\" >\n\t\t<div class=\"wpb_wrapper\">\n\t\t\t\n\t\t\t<div class=\"wpb_video_wrapper\"><iframe loading=\"lazy\" title=\"The Vibe: Summit County Outdoor Coalition - Preparaci\u00f3n para el invierno\" width=\"500\" height=\"281\" src=\"https:\/\/www.youtube.com\/embed\/A_QSV7q9BD4?feature=oembed\" frameborder=\"0\" allow=\"accelerometer; autoplay; clipboard-write; encrypted-media; gyroscope; picture-in-picture; web-share\" referrerpolicy=\"strict-origin-when-cross-origin\" allowfullscreen><\/iframe><\/div>\n\t\t<\/div>\n\t<\/div>\n<\/div><\/div><\/div><\/div><\/div><\/div><\/div><\/div><div class=\"vc_row-full-width vc_clearfix\"><\/div><div data-vc-full-width=\"true\" data-vc-full-width-temp=\"true\" data-vc-full-width-init=\"false\" class=\"vc_row wpb_row vc_row-fluid tdlTexturedBlueBlock tdlMobileReverse\"><div class=\"wpb_column vc_column_container vc_col-sm-9\"><div class=\"vc_column-inner\"><div class=\"wpb_wrapper\"><div class='headingWrapper single-line'><h4>C\u00f3mo llegar a nuestros senderos<\/h4><\/div>\n\t<div class=\"wpb_text_column wpb_content_element\" >\n\t\t<div class=\"wpb_wrapper\">\n\t\t\t<p>Llega a tus senderos favoritos de forma sostenible. Los muchos servicios del condado de Summit, incluyendo gran parte de nuestro sistema de recreaci\u00f3n de alta calidad, est\u00e1n disponibles a trav\u00e9s de nuestro sistema de autobuses gratuitos. Echa un vistazo a nuestro Programa de Tr\u00e1nsito a Senderos y deja el coche atr\u00e1s, ya que te alegrar\u00e1s de haberlo hecho, ya que la mayor\u00eda de nuestros senderos est\u00e1n muy llenos y encontrar un lugar es una aventura que no querr\u00e1s tomar.<\/p>\n\n\t\t<\/div>\n\t<\/div>\n<div class='tdlButtonWrapper simple'><a class='tdlButton' href='https:\/\/www.summitcountyco.gov\/1604\/Transit-to-Trails' target='_blank'>Learn More About Transit to Trails<\/a><\/div><div class=\"vc_empty_space\"   style=\"height: 35px\"><span class=\"vc_empty_space_inner\"><\/span><\/div>\n\t<div class=\"wpb_video_widget wpb_content_element vc_clearfix   vc_video-aspect-ratio-169 vc_video-el-width-100 vc_video-align-left\" >\n\t\t<div class=\"wpb_wrapper\">\n\t\t\t\n\t\t\t<div class=\"wpb_video_wrapper\"><iframe loading=\"lazy\" title=\"The Vibe: Summit County Outdoor Coalition\" width=\"500\" height=\"281\" src=\"https:\/\/www.youtube.com\/embed\/YZmxgj20DDw?feature=oembed\" frameborder=\"0\" allow=\"accelerometer; autoplay; clipboard-write; encrypted-media; gyroscope; picture-in-picture; web-share\" allowfullscreen><\/iframe><\/div>\n\t\t<\/div>\n\t<\/div>\n<\/div><\/div><\/div><div class=\"wpb_column vc_column_container vc_col-sm-3\"><div class=\"vc_column-inner\"><div class=\"wpb_wrapper\">\n\t<div  class=\"wpb_single_image wpb_content_element vc_align_left wpb_content_element\">\n\t\t\n\t\t<figure class=\"wpb_wrapper vc_figure\">\n\t\t\t<div class=\"vc_single_image-wrapper vc_box_border_circle  vc_box_border_green\"><img decoding=\"async\" class=\"vc_single_image-img\" src=\"https:\/\/www.summitcountyoutdoor.com\/wp-content\/uploads\/2023\/09\/Depositphotos_251531812_XL-scaled-1707x1707.jpg\" width=\"1707\" height=\"1707\" alt=\"Young couple packing camping equipment into car trunk outdoors\" title=\"Pareja joven guardando equipo de acampada en el maletero de un coche al aire libre\" \/><\/div>\n\t\t<\/figure>\n\t<\/div>\n<\/div><\/div><\/div><\/div><div class=\"vc_row-full-width vc_clearfix\"><\/div><div data-vc-full-width=\"true\" data-vc-full-width-temp=\"true\" data-vc-full-width-init=\"false\" class=\"vc_row wpb_row vc_row-fluid tdlCreamBackground\"><div class=\"wpb_column vc_column_container vc_col-sm-3\"><div class=\"vc_column-inner\"><div class=\"wpb_wrapper\">\n\t<div  class=\"wpb_single_image wpb_content_element vc_align_left wpb_content_element\">\n\t\t\n\t\t<figure class=\"wpb_wrapper vc_figure\">\n\t\t\t<div class=\"vc_single_image-wrapper vc_box_border_circle  vc_box_border_green\"><img decoding=\"async\" class=\"vc_single_image-img\" src=\"https:\/\/www.summitcountyoutdoor.com\/wp-content\/uploads\/2023\/09\/Depositphotos_418565192_XL-scaled-1280x1280.jpg\" width=\"1280\" height=\"1280\" alt=\"\" title=\"\" \/><\/div>\n\t\t<\/figure>\n\t<\/div>\n<\/div><\/div><\/div><div class=\"wpb_column vc_column_container vc_col-sm-9\"><div class=\"vc_column-inner\"><div class=\"wpb_wrapper\"><div class='headingWrapper single-line'><h4>No Deje Rastro<\/h4><\/div>\n\t<div class=\"wpb_text_column wpb_content_element\" >\n\t\t<div class=\"wpb_wrapper\">\n\t\t\t<p>Deje el menor rastro posible mientras se recrea en los terrenos p\u00fablicos o en sus alrededores, ya que usted es uno de los millones de personas que se sienten atra\u00eddas por esta regi\u00f3n. Un poco de cuidado puede contribuir en gran medida a mantener nuestras tierras y v\u00edas fluviales, as\u00ed como nuestra querida fauna y flora. Ll\u00e9vate lo que has tra\u00eddo. Haz clic en el siguiente enlace para saber m\u00e1s sobre c\u00f3mo cuidar nuestra tierra. <\/p>\n\n\t\t<\/div>\n\t<\/div>\n<div class='tdlButtonWrapper right simple'><a class='tdlButton' href='https:\/\/lnt.org\/why\/7-principles' target='_blank'>Learn More About LNT<\/a><\/div><\/div><\/div><\/div><\/div><div class=\"vc_row-full-width vc_clearfix\"><\/div><div data-vc-full-width=\"true\" data-vc-full-width-temp=\"true\" data-vc-full-width-init=\"false\" class=\"vc_row wpb_row vc_row-fluid tdlTexturedBlueBlock tdlMobileReverse\"><div class=\"wpb_column vc_column_container vc_col-sm-9\"><div class=\"vc_column-inner\"><div class=\"wpb_wrapper\"><div class='headingWrapper single-line'><h4>Recrearse con la Vida Salvaje<\/h4><\/div>\n\t<div class=\"wpb_text_column wpb_content_element\" >\n\t\t<div class=\"wpb_wrapper\">\n\t\t\t<p>La recreaci\u00f3n responsable en las \u00e1reas silvestres de Colorado es imperativa para la preservaci\u00f3n de la belleza natural y los h\u00e1bitats de la regi\u00f3n. Para salvaguardar nuestros valiosos recursos naturales y promover interacciones no perturbadoras entre los seres humanos y la fauna, es esencial seguir una serie de directrices. Si encuentra animales salvajes, mant\u00e9ngase a una distancia prudencial y abst\u00e9ngase de darles de comer. Mantenga una presencia discreta y minimice el ruido para evitar que los animales se estresen. Siempre que sea posible, opte por las horas de menor afluencia cuando visite zonas populares para aliviar la congesti\u00f3n y mitigar el impacto en senderos e instalaciones. Si va a pescar, practique el m\u00e9todo de captura y suelta, respetando las normas de pesca para salvaguardar las poblaciones de peces. Siempre que sea posible, elija productos biodegradables y respetuosos con el medio ambiente para reducir el impacto ecol\u00f3gico de los productos qu\u00edmicos. Estas sencillas pautas ayudar\u00e1n a garantizar que nuestra fauna y flora sean pr\u00edstinas para disfrute de todos.<\/p>\n\n\t\t<\/div>\n\t<\/div>\n<div class='tdlButtonWrapper simple'><a class='tdlButton' href='https:\/\/www.summitcountyoutdoor.com\/es\/wildlife\/' target='_blank'>Learn More About Our Local Wildlife<\/a><\/div><\/div><\/div><\/div><div class=\"wpb_column vc_column_container vc_col-sm-3\"><div class=\"vc_column-inner\"><div class=\"wpb_wrapper\">\n\t<div  class=\"wpb_single_image wpb_content_element vc_align_left wpb_content_element\">\n\t\t\n\t\t<figure class=\"wpb_wrapper vc_figure\">\n\t\t\t<div class=\"vc_single_image-wrapper vc_box_border_circle  vc_box_border_green\"><img decoding=\"async\" class=\"vc_single_image-img\" src=\"https:\/\/www.summitcountyoutdoor.com\/wp-content\/uploads\/2023\/09\/Depositphotos_97616390_XL-scaled-1707x1707.jpg\" width=\"1707\" height=\"1707\" alt=\"\" title=\"\" \/><\/div>\n\t\t<\/figure>\n\t<\/div>\n<\/div><\/div><\/div><\/div><div class=\"vc_row-full-width vc_clearfix\"><\/div><div data-vc-full-width=\"true\" data-vc-full-width-temp=\"true\" data-vc-full-width-init=\"false\" class=\"vc_row wpb_row vc_row-fluid tdlCreamBackground\"><div class=\"wpb_column vc_column_container vc_col-sm-3\"><div class=\"vc_column-inner\"><div class=\"wpb_wrapper\">\n\t<div  class=\"wpb_single_image wpb_content_element vc_align_left wpb_content_element\">\n\t\t\n\t\t<figure class=\"wpb_wrapper vc_figure\">\n\t\t\t<div class=\"vc_single_image-wrapper vc_box_border_circle  vc_box_border_green\"><img decoding=\"async\" class=\"vc_single_image-img\" src=\"https:\/\/www.summitcountyoutdoor.com\/wp-content\/uploads\/2023\/09\/Depositphotos_490461984_XL-scaled-1280x1280.jpg\" width=\"1280\" height=\"1280\" alt=\"\" title=\"\" \/><\/div>\n\t\t<\/figure>\n\t<\/div>\n<\/div><\/div><\/div><div class=\"wpb_column vc_column_container vc_col-sm-9\"><div class=\"vc_column-inner\"><div class=\"wpb_wrapper\"><div class='headingWrapper single-line'><h4>Normas y Reglamentos Sobre Espacios Naturales<\/h4><\/div>\n\t<div class=\"wpb_text_column wpb_content_element\" >\n\t\t<div class=\"wpb_wrapper\">\n\t\t\t<p>Los espacios naturales son una designaci\u00f3n especial creada por la Ley de Espacios Naturales de 1964. Algunos de los bosques que te rodean tienen ese t\u00edtulo, como el Ptarmigan Wilderness y el Eagles Nest Wilderness. Se trata de zonas especiales que merece la pena conocer, ya que tambi\u00e9n son terrenos p\u00fablicos que hay que respetar.<\/p>\n<p>Conozca los atributos especiales y las normas que ayudan a mantener intactas las zonas naturales.<\/p>\n\n\t\t<\/div>\n\t<\/div>\n<div class='tdlButtonWrapper simple'><a class='tdlButton' href='https:\/\/www.fs.usda.gov\/r02\/whiteriver' target='_blank'>Wilderness Rules &amp; Regulations<\/a><\/div><\/div><\/div><\/div><\/div><div class=\"vc_row-full-width vc_clearfix\"><\/div><div data-vc-full-width=\"true\" data-vc-full-width-temp=\"true\" data-vc-full-width-init=\"false\" class=\"vc_row wpb_row vc_row-fluid tdlTexturedBlueBlock vc_custom_1705602131607\"><div class=\"wpb_column vc_column_container vc_col-sm-12\"><div class=\"vc_column-inner\"><div class=\"wpb_wrapper\">\n\t<div class=\"wpb_video_widget wpb_content_element vc_clearfix   vc_video-aspect-ratio-169 vc_video-el-width-100 vc_video-align-left\" >\n\t\t<div class=\"wpb_wrapper\">\n\t\t\t\n\t\t\t<div class=\"wpb_video_wrapper\"><iframe loading=\"lazy\" title=\"The Vibe: Summit County Outdoor Coalition\" width=\"500\" height=\"281\" src=\"https:\/\/www.youtube.com\/embed\/YZmxgj20DDw?feature=oembed\" frameborder=\"0\" allow=\"accelerometer; autoplay; clipboard-write; encrypted-media; gyroscope; picture-in-picture; web-share\" allowfullscreen><\/iframe><\/div>\n\t\t<\/div>\n\t<\/div>\n<\/div><\/div><\/div><\/div><div class=\"vc_row-full-width vc_clearfix\"><\/div><div data-vc-full-width=\"true\" data-vc-full-width-temp=\"true\" data-vc-full-width-init=\"false\" class=\"vc_row wpb_row vc_row-fluid vc_custom_1695395428988 vc_row-has-fill\"><div class=\"wpb_column vc_column_container vc_col-sm-12\"><div class=\"vc_column-inner\"><div class=\"wpb_wrapper\"><div class='quoteWrapper shadow'><h4 class='quote'>\"Recrea con cuidado y nuestra tierra estar\u00e1 ah\u00ed durante generaciones\".<\/h4><span class='author'>SCOC<\/span><\/div><\/div><\/div><\/div><\/div><div class=\"vc_row-full-width vc_clearfix\"><\/div><div data-vc-full-width=\"true\" data-vc-full-width-temp=\"true\" data-vc-full-width-init=\"false\" data-vc-stretch-content=\"true\" class=\"vc_row wpb_row vc_row-fluid tdlNoTopPadding vc_row-no-padding\"><div class=\"wpb_column vc_column_container vc_col-sm-12\"><div class=\"vc_column-inner\"><div class=\"wpb_wrapper\"><div class='tdl-image-carousel swiper' data-autoplay='true'><div class='swiper-wrapper'><div class='tdl-carousel-item swiper-slide'><a class='gallery' href='#' data-featherlight='https:\/\/www.summitcountyoutdoor.com\/wp-content\/uploads\/2023\/09\/a-shelf-of-a-lake.jpg'><img src='https:\/\/www.summitcountyoutdoor.com\/wp-content\/uploads\/2023\/09\/a-shelf-of-a-lake-600x480.jpg'><\/a><\/div><div class='tdl-carousel-item swiper-slide'><a class='gallery' href='#' data-featherlight='https:\/\/www.summitcountyoutdoor.com\/wp-content\/uploads\/2023\/09\/Abbeys-scaled.jpg'><img src='https:\/\/www.summitcountyoutdoor.com\/wp-content\/uploads\/2023\/09\/Abbeys-600x600.jpg'><\/a><\/div><div class='tdl-carousel-item swiper-slide'><a class='gallery' href='#' data-featherlight='https:\/\/www.summitcountyoutdoor.com\/wp-content\/uploads\/2023\/09\/building-for-our-recreation.jpg'><img src='https:\/\/www.summitcountyoutdoor.com\/wp-content\/uploads\/2023\/09\/building-for-our-recreation-600x600.jpg'><\/a><\/div><div class='tdl-carousel-item swiper-slide'><a class='gallery' href='#' data-featherlight='https:\/\/www.summitcountyoutdoor.com\/wp-content\/uploads\/2023\/09\/Dryconditions.jpg'><img src='https:\/\/www.summitcountyoutdoor.com\/wp-content\/uploads\/2023\/09\/Dryconditions-600x600.jpg'><\/a><\/div><div class='tdl-carousel-item swiper-slide'><a class='gallery' href='#' data-featherlight='https:\/\/www.summitcountyoutdoor.com\/wp-content\/uploads\/2023\/09\/Elissa-SlezakDeer-scaled.jpg'><img src='https:\/\/www.summitcountyoutdoor.com\/wp-content\/uploads\/2023\/09\/Elissa-SlezakDeer-600x600.jpg'><\/a><\/div><div class='tdl-carousel-item swiper-slide'><a class='gallery' href='#' data-featherlight='https:\/\/www.summitcountyoutdoor.com\/wp-content\/uploads\/2023\/09\/Jaques-Peak-from-Copper-scaled.jpg'><img src='https:\/\/www.summitcountyoutdoor.com\/wp-content\/uploads\/2023\/09\/Jaques-Peak-from-Copper-600x600.jpg'><\/a><\/div><div class='tdl-carousel-item swiper-slide'><a class='gallery' href='#' data-featherlight='https:\/\/www.summitcountyoutdoor.com\/wp-content\/uploads\/2023\/09\/Nora-Gilbertsonautumn.jpg'><img src='https:\/\/www.summitcountyoutdoor.com\/wp-content\/uploads\/2023\/09\/Nora-Gilbertsonautumn-600x600.jpg'><\/a><\/div><div class='tdl-carousel-item swiper-slide'><a class='gallery' href='#' data-featherlight='https:\/\/www.summitcountyoutdoor.com\/wp-content\/uploads\/2023\/09\/outside-of-camp.jpg'><img src='https:\/\/www.summitcountyoutdoor.com\/wp-content\/uploads\/2023\/09\/outside-of-camp-600x480.jpg'><\/a><\/div><div class='tdl-carousel-item swiper-slide'><a class='gallery' href='#' data-featherlight='https:\/\/www.summitcountyoutdoor.com\/wp-content\/uploads\/2023\/09\/Snowdeer-ESDNR.jpg'><img src='https:\/\/www.summitcountyoutdoor.com\/wp-content\/uploads\/2023\/09\/Snowdeer-ESDNR-600x600.jpg'><\/a><\/div><div class='tdl-carousel-item swiper-slide'><a class='gallery' href='#' data-featherlight='https:\/\/www.summitcountyoutdoor.com\/wp-content\/uploads\/2023\/09\/The-falls-at-Eccles-2014.jpeg'><img src='https:\/\/www.summitcountyoutdoor.com\/wp-content\/uploads\/2023\/09\/The-falls-at-Eccles-2014.jpeg'><\/a><\/div><div class='tdl-carousel-item swiper-slide'><a class='gallery' href='#' data-featherlight='https:\/\/www.summitcountyoutdoor.com\/wp-content\/uploads\/2023\/09\/Upper-Willow.jpg'><img src='https:\/\/www.summitcountyoutdoor.com\/wp-content\/uploads\/2023\/09\/Upper-Willow-600x480.jpg'><\/a><\/div><\/div><\/div><\/div><\/div><\/div><\/div><div class=\"vc_row-full-width vc_clearfix\"><\/div>\n<\/div>","protected":false},"excerpt":{"rendered":"Recursos de mapas de senderos recreativos para su planificaci\u00f3n. Nuestro condado cuenta con un sistema de senderos incre\u00edblemente conectado que da cabida a todo tipo de actividades recreativas con m\u00e1s de 400 millas de senderos multiusos. Sea respetuoso con los dem\u00e1s visitantes y eche un vistazo a la se\u00f1alizaci\u00f3n de los modos de recreo permitidos. Puede resultar desalentador...","protected":false},"author":1,"featured_media":222,"parent":0,"menu_order":0,"comment_status":"closed","ping_status":"closed","template":"","meta":{"footnotes":""},"class_list":["post-22","page","type-page","status-publish","has-post-thumbnail","hentry"],"aioseo_notices":[],"_links":{"self":[{"href":"https:\/\/www.summitcountyoutdoor.com\/es\/wp-json\/wp\/v2\/pages\/22","targetHints":{"allow":["GET"]}}],"collection":[{"href":"https:\/\/www.summitcountyoutdoor.com\/es\/wp-json\/wp\/v2\/pages"}],"about":[{"href":"https:\/\/www.summitcountyoutdoor.com\/es\/wp-json\/wp\/v2\/types\/page"}],"author":[{"embeddable":true,"href":"https:\/\/www.summitcountyoutdoor.com\/es\/wp-json\/wp\/v2\/users\/1"}],"replies":[{"embeddable":true,"href":"https:\/\/www.summitcountyoutdoor.com\/es\/wp-json\/wp\/v2\/comments?post=22"}],"version-history":[{"count":12,"href":"https:\/\/www.summitcountyoutdoor.com\/es\/wp-json\/wp\/v2\/pages\/22\/revisions"}],"predecessor-version":[{"id":588,"href":"https:\/\/www.summitcountyoutdoor.com\/es\/wp-json\/wp\/v2\/pages\/22\/revisions\/588"}],"wp:featuredmedia":[{"embeddable":true,"href":"https:\/\/www.summitcountyoutdoor.com\/es\/wp-json\/wp\/v2\/media\/222"}],"wp:attachment":[{"href":"https:\/\/www.summitcountyoutdoor.com\/es\/wp-json\/wp\/v2\/media?parent=22"}],"curies":[{"name":"wp","href":"https:\/\/api.w.org\/{rel}","templated":true}]}}